{"id":406627,"date":"2025-07-04T11:05:31","date_gmt":"2025-07-04T11:05:31","guid":{"rendered":"https:\/\/irankiuzona.lt\/product\/zvakes-sriegio-lizdo-remonto-rinkinys-m14x1-25mm\/"},"modified":"2025-07-04T11:05:32","modified_gmt":"2025-07-04T11:05:32","slug":"zvakes-sriegio-lizdo-remonto-rinkinys-m14x1-25mm","status":"publish","type":"product","link":"https:\/\/irankiuzona.lt\/ru\/product\/zvakes-sriegio-lizdo-remonto-rinkinys-m14x1-25mm\/","title":{"rendered":"\u017dvak\u0117s sriegio lizdo remonto rinkinys M14X1.25mm"},"content":{"rendered":"<p>Vidinis \u012fvori\u0173 sriegis M14x1,25mm \/ i\u0161orinis \u012fvori\u0173 sriegis M16x1,25mm Sriegio \u012fvor\u0117s i\u0161 M16x1,25mm \u012f M14x1,25mm. (M16*1.25 -> M14*1.25)HSS sriegiklis M16X1.25\u00a0 4 x Sriegio \u012fvor\u0117s M14x1,25 (vidinis sriegis): 9,5-11,5-12,7-19 mm ilgio<\/p>","protected":false},"excerpt":{"rendered":"<p>\u017dvak\u0117s sriegio\u00a0M14*1,25mm lizdo remonto komplektas su \u012fvor\u0117mis. I\u0161orinin\u012f diametr\u0105 ir srieg\u012f padaro M16x1,25mm (\u012fvor\u0117s i\u0161or\u0117), vidinis sriegis lieka M14x1,25mm (vidinis matmuo \u012fsukti \u017evakei)<\/p>","protected":false},"featured_media":331077,"comment_status":"open","ping_status":"open","template":"","meta":[],"product_cat":[9686],"product_tag":[10130],"class_list":{"0":"post-406627","1":"product","2":"type-product","3":"status-publish","4":"has-post-thumbnail","6":"product_brand-satra-lenkija","7":"product_cat-sriegiai-ivores-zvakems","8":"product_tag-satra-lenkija","10":"first","11":"instock","12":"purchasable","13":"product-type-simple"},"jetpack_sharing_enabled":true,"_links":{"self":[{"href":"https:\/\/irankiuzona.lt\/ru\/wp-json\/wp\/v2\/product\/406627","targetHints":{"allow":["GET"]}}],"collection":[{"href":"https:\/\/irankiuzona.lt\/ru\/wp-json\/wp\/v2\/product"}],"about":[{"href":"https:\/\/irankiuzona.lt\/ru\/wp-json\/wp\/v2\/types\/product"}],"replies":[{"embeddable":true,"href":"https:\/\/irankiuzona.lt\/ru\/wp-json\/wp\/v2\/comments?post=406627"}],"version-history":[{"count":0,"href":"https:\/\/irankiuzona.lt\/ru\/wp-json\/wp\/v2\/product\/406627\/revisions"}],"wp:featuredmedia":[{"embeddable":true,"href":"https:\/\/irankiuzona.lt\/ru\/wp-json\/wp\/v2\/media\/331077"}],"wp:attachment":[{"href":"https:\/\/irankiuzona.lt\/ru\/wp-json\/wp\/v2\/media?parent=406627"}],"wp:term":[{"taxonomy":"product_cat","embeddable":true,"href":"https:\/\/irankiuzona.lt\/ru\/wp-json\/wp\/v2\/product_cat?post=406627"},{"taxonomy":"product_tag","embeddable":true,"href":"https:\/\/irankiuzona.lt\/ru\/wp-json\/wp\/v2\/product_tag?post=406627"}],"curies":[{"name":"wp","href":"https:\/\/api.w.org\/{rel}","templated":true}]}}