{"id":406629,"date":"2025-07-04T11:18:56","date_gmt":"2025-07-04T11:18:56","guid":{"rendered":"https:\/\/irankiuzona.lt\/product\/didelis-irankiu-vezimelis-12-stalciu-su-479-irankiais-kd1063\/"},"modified":"2025-07-04T11:18:57","modified_gmt":"2025-07-04T11:18:57","slug":"didelis-irankiu-vezimelis-12-stalciu-su-479-irankiais-kd1063","status":"publish","type":"product","link":"https:\/\/irankiuzona.lt\/ru\/product\/didelis-irankiu-vezimelis-12-stalciu-su-479-irankiais-kd1063\/","title":{"rendered":"Didelis \u012franki\u0173 ve\u017eim\u0117lis 12 stal\u010di\u0173 su 479 \u012frankiais (KD1063)"},"content":{"rendered":"<p>I\u0161matavimai: 112 x 48 x 99,4 cmSvoris: 112 kgStal\u010diai: 12 (1 itin platus \/ 6 plat\u016bs \/ 5 siauri), 10 stal\u010di\u0173 pilnai sukomplektuoti 479 \u012frankiais<\/p>","protected":false},"excerpt":{"rendered":"<p>KD1063 Platesnis didelis \u012franki\u0173 ve\u017eim\u0117lis 12stal\u010di\u0173, komplektuojamas su 479 \u012frankiais<\/p>","protected":false},"featured_media":372644,"comment_status":"open","ping_status":"open","template":"","meta":[],"product_cat":[9943],"product_tag":[10104],"class_list":{"0":"post-406629","1":"product","2":"type-product","3":"status-publish","4":"has-post-thumbnail","6":"product_brand-kraftdele","7":"product_cat-vezimeliai-irankiu-spintos","8":"product_tag-kraftdele","10":"first","11":"outofstock","12":"purchasable","13":"product-type-simple"},"jetpack_sharing_enabled":true,"_links":{"self":[{"href":"https:\/\/irankiuzona.lt\/ru\/wp-json\/wp\/v2\/product\/406629","targetHints":{"allow":["GET"]}}],"collection":[{"href":"https:\/\/irankiuzona.lt\/ru\/wp-json\/wp\/v2\/product"}],"about":[{"href":"https:\/\/irankiuzona.lt\/ru\/wp-json\/wp\/v2\/types\/product"}],"replies":[{"embeddable":true,"href":"https:\/\/irankiuzona.lt\/ru\/wp-json\/wp\/v2\/comments?post=406629"}],"version-history":[{"count":0,"href":"https:\/\/irankiuzona.lt\/ru\/wp-json\/wp\/v2\/product\/406629\/revisions"}],"wp:featuredmedia":[{"embeddable":true,"href":"https:\/\/irankiuzona.lt\/ru\/wp-json\/wp\/v2\/media\/372644"}],"wp:attachment":[{"href":"https:\/\/irankiuzona.lt\/ru\/wp-json\/wp\/v2\/media?parent=406629"}],"wp:term":[{"taxonomy":"product_cat","embeddable":true,"href":"https:\/\/irankiuzona.lt\/ru\/wp-json\/wp\/v2\/product_cat?post=406629"},{"taxonomy":"product_tag","embeddable":true,"href":"https:\/\/irankiuzona.lt\/ru\/wp-json\/wp\/v2\/product_tag?post=406629"}],"curies":[{"name":"wp","href":"https:\/\/api.w.org\/{rel}","templated":true}]}}