{"id":406631,"date":"2025-07-04T11:19:03","date_gmt":"2025-07-04T11:19:03","guid":{"rendered":"https:\/\/irankiuzona.lt\/product\/didelis-irankiu-vezimelis-7-stalciu-su-309-irankiais-kd1069\/"},"modified":"2025-07-04T11:19:04","modified_gmt":"2025-07-04T11:19:04","slug":"didelis-irankiu-vezimelis-7-stalciu-su-309-irankiais-kd1069","status":"publish","type":"product","link":"https:\/\/irankiuzona.lt\/ru\/product\/didelis-irankiu-vezimelis-7-stalciu-su-309-irankiais-kd1069\/","title":{"rendered":"Didelis \u012franki\u0173 ve\u017eim\u0117lis 7 stal\u010di\u0173 su 309 \u012frankiais (KD1069)"},"content":{"rendered":"<p>I\u0161matavimai: 110 x 50 x 86 cmSvoris: 86 kgKomplektacija: 7 pilni stal\u010diai Cr-V \u012franki\u0173 (309 vnt.)<\/p>","protected":false},"excerpt":{"rendered":"<p>KD1069 Praplatintas didelis \u012franki\u0173 ve\u017eim\u0117lis 7stal\u010di\u0173 su papildomom lentynom \u0161one, komplektuojamas su 309 \u012frankiais (7 pilni stal\u010diai \u012franki\u0173)<\/p>","protected":false},"featured_media":372653,"comment_status":"open","ping_status":"open","template":"","meta":[],"product_cat":[9943],"product_tag":[10104],"class_list":{"0":"post-406631","1":"product","2":"type-product","3":"status-publish","4":"has-post-thumbnail","6":"product_brand-kraftdele","7":"product_cat-vezimeliai-irankiu-spintos","8":"product_tag-kraftdele","10":"first","11":"instock","12":"purchasable","13":"product-type-simple"},"jetpack_sharing_enabled":true,"_links":{"self":[{"href":"https:\/\/irankiuzona.lt\/ru\/wp-json\/wp\/v2\/product\/406631","targetHints":{"allow":["GET"]}}],"collection":[{"href":"https:\/\/irankiuzona.lt\/ru\/wp-json\/wp\/v2\/product"}],"about":[{"href":"https:\/\/irankiuzona.lt\/ru\/wp-json\/wp\/v2\/types\/product"}],"replies":[{"embeddable":true,"href":"https:\/\/irankiuzona.lt\/ru\/wp-json\/wp\/v2\/comments?post=406631"}],"version-history":[{"count":0,"href":"https:\/\/irankiuzona.lt\/ru\/wp-json\/wp\/v2\/product\/406631\/revisions"}],"wp:featuredmedia":[{"embeddable":true,"href":"https:\/\/irankiuzona.lt\/ru\/wp-json\/wp\/v2\/media\/372653"}],"wp:attachment":[{"href":"https:\/\/irankiuzona.lt\/ru\/wp-json\/wp\/v2\/media?parent=406631"}],"wp:term":[{"taxonomy":"product_cat","embeddable":true,"href":"https:\/\/irankiuzona.lt\/ru\/wp-json\/wp\/v2\/product_cat?post=406631"},{"taxonomy":"product_tag","embeddable":true,"href":"https:\/\/irankiuzona.lt\/ru\/wp-json\/wp\/v2\/product_tag?post=406631"}],"curies":[{"name":"wp","href":"https:\/\/api.w.org\/{rel}","templated":true}]}}