{"id":406633,"date":"2025-07-04T11:19:28","date_gmt":"2025-07-04T11:19:28","guid":{"rendered":"https:\/\/irankiuzona.lt\/product\/irankiu-vezimelis-6-stalciu-su-sonine-spinta-263-irankiai-kd362\/"},"modified":"2025-07-04T11:19:28","modified_gmt":"2025-07-04T11:19:28","slug":"irankiu-vezimelis-6-stalciu-su-sonine-spinta-263-irankiai-kd362","status":"publish","type":"product","link":"https:\/\/irankiuzona.lt\/ru\/product\/irankiu-vezimelis-6-stalciu-su-sonine-spinta-263-irankiai-kd362\/","title":{"rendered":"\u012eranki\u0173 ve\u017eim\u0117lis 6 stal\u010di\u0173 su \u0161onine spinta + 263 \u012frankiai (KD362)"},"content":{"rendered":"<p>I\u0161matavimai: 85 x 47 x 97 cmSvoris: 62 kgStal\u010diai: 6 stal\u010diai (4 komplektuojami su \u012frankiais) \/ 4 siauresni, 2 auk\u0161tesni stal\u010diai<\/p>","protected":false},"excerpt":{"rendered":"<p>KD362 \u012eranki\u0173 ve\u017eim\u0117lis 6 stal\u010di\u0173 su \u0161onine spinta, komplektuojamas su 263 \u012frankiai (4 pilni stal\u010diai)<\/p>","protected":false},"featured_media":372677,"comment_status":"open","ping_status":"open","template":"","meta":[],"product_cat":[9943],"product_tag":[10104],"class_list":{"0":"post-406633","1":"product","2":"type-product","3":"status-publish","4":"has-post-thumbnail","6":"product_brand-kraftdele","7":"product_cat-vezimeliai-irankiu-spintos","8":"product_tag-kraftdele","10":"first","11":"instock","12":"purchasable","13":"product-type-simple"},"jetpack_sharing_enabled":true,"_links":{"self":[{"href":"https:\/\/irankiuzona.lt\/ru\/wp-json\/wp\/v2\/product\/406633","targetHints":{"allow":["GET"]}}],"collection":[{"href":"https:\/\/irankiuzona.lt\/ru\/wp-json\/wp\/v2\/product"}],"about":[{"href":"https:\/\/irankiuzona.lt\/ru\/wp-json\/wp\/v2\/types\/product"}],"replies":[{"embeddable":true,"href":"https:\/\/irankiuzona.lt\/ru\/wp-json\/wp\/v2\/comments?post=406633"}],"version-history":[{"count":0,"href":"https:\/\/irankiuzona.lt\/ru\/wp-json\/wp\/v2\/product\/406633\/revisions"}],"wp:featuredmedia":[{"embeddable":true,"href":"https:\/\/irankiuzona.lt\/ru\/wp-json\/wp\/v2\/media\/372677"}],"wp:attachment":[{"href":"https:\/\/irankiuzona.lt\/ru\/wp-json\/wp\/v2\/media?parent=406633"}],"wp:term":[{"taxonomy":"product_cat","embeddable":true,"href":"https:\/\/irankiuzona.lt\/ru\/wp-json\/wp\/v2\/product_cat?post=406633"},{"taxonomy":"product_tag","embeddable":true,"href":"https:\/\/irankiuzona.lt\/ru\/wp-json\/wp\/v2\/product_tag?post=406633"}],"curies":[{"name":"wp","href":"https:\/\/api.w.org\/{rel}","templated":true}]}}