{"id":406638,"date":"2025-07-04T11:42:13","date_gmt":"2025-07-04T11:42:13","guid":{"rendered":"https:\/\/irankiuzona.lt\/product\/irankiu-komplektas-3-4-19-50mm-metalineje-dezeje\/"},"modified":"2026-04-15T03:40:08","modified_gmt":"2026-04-15T03:40:08","slug":"irankiu-komplektas-3-4-19-50mm-metalineje-dezeje","status":"publish","type":"product","link":"https:\/\/irankiuzona.lt\/ru\/product\/irankiu-komplektas-3-4-19-50mm-metalineje-dezeje\/","title":{"rendered":"\u012eranki\u0173 komplektas 3\/4 (19-50mm) metalin\u0117je d\u0117\u017e\u0117je"},"content":{"rendered":"<p>Komplekte:3\/4 galvut\u0117s:\u00a019; 21; 22; 23; 24; 26; 27; 29; 30; 32; 35; 36; 38; 41; 46; 50 mmMetalin\u0117 terk\u0161l\u0117 3\/4Slankiojanti jungtis-rankena 3\/4Prailgintuvai 3\/4 100mm ir 200mmMetalin\u0117 d\u0117\u017e\u0117<\/p>","protected":false},"excerpt":{"rendered":"<p>\u012erankiai 3\/4 6-kamp\u0117m galvut\u0117m 19-50mm (21 dalies), metalin\u0117 d\u0117\u017e\u0117<\/p>","protected":false},"featured_media":406640,"comment_status":"open","ping_status":"open","template":"","meta":[],"product_cat":[9498],"product_tag":[10087],"class_list":{"0":"post-406638","1":"product","2":"type-product","3":"status-publish","4":"has-post-thumbnail","6":"product_brand-verke","7":"product_cat-3-4-ir-1-irankiu-komplektai","8":"product_tag-verke","10":"first","11":"instock","12":"purchasable","13":"product-type-simple"},"jetpack_sharing_enabled":true,"_links":{"self":[{"href":"https:\/\/irankiuzona.lt\/ru\/wp-json\/wp\/v2\/product\/406638","targetHints":{"allow":["GET"]}}],"collection":[{"href":"https:\/\/irankiuzona.lt\/ru\/wp-json\/wp\/v2\/product"}],"about":[{"href":"https:\/\/irankiuzona.lt\/ru\/wp-json\/wp\/v2\/types\/product"}],"replies":[{"embeddable":true,"href":"https:\/\/irankiuzona.lt\/ru\/wp-json\/wp\/v2\/comments?post=406638"}],"version-history":[{"count":1,"href":"https:\/\/irankiuzona.lt\/ru\/wp-json\/wp\/v2\/product\/406638\/revisions"}],"predecessor-version":[{"id":426799,"href":"https:\/\/irankiuzona.lt\/ru\/wp-json\/wp\/v2\/product\/406638\/revisions\/426799"}],"wp:featuredmedia":[{"embeddable":true,"href":"https:\/\/irankiuzona.lt\/ru\/wp-json\/wp\/v2\/media\/406640"}],"wp:attachment":[{"href":"https:\/\/irankiuzona.lt\/ru\/wp-json\/wp\/v2\/media?parent=406638"}],"wp:term":[{"taxonomy":"product_cat","embeddable":true,"href":"https:\/\/irankiuzona.lt\/ru\/wp-json\/wp\/v2\/product_cat?post=406638"},{"taxonomy":"product_tag","embeddable":true,"href":"https:\/\/irankiuzona.lt\/ru\/wp-json\/wp\/v2\/product_tag?post=406638"}],"curies":[{"name":"wp","href":"https:\/\/api.w.org\/{rel}","templated":true}]}}