{"id":406713,"date":"2025-07-12T13:57:43","date_gmt":"2025-07-12T13:57:43","guid":{"rendered":"https:\/\/irankiuzona.lt\/product\/dinamometrinis-raktas-skaitmeninis-1-2-40-200nm-2\/"},"modified":"2026-05-09T21:00:39","modified_gmt":"2026-05-09T21:00:39","slug":"dinamometrinis-raktas-skaitmeninis-1-2-40-200nm-2","status":"publish","type":"product","link":"https:\/\/irankiuzona.lt\/ru\/product\/dinamometrinis-raktas-skaitmeninis-1-2-40-200nm-2\/","title":{"rendered":"Dinamometrinis raktas skaitmeninis  1\/2 40-200Nm"},"content":{"rendered":"<p>L= 500 mmMatavimo vienetai Nm, ft-lb, in-lb, kg-cmSukimo momentas 40 &#8211; 200 Nm (29.5 &#8211; 147.5 lb-ft)Tikslumas 2 %72 THMaitinimas: 1 vnt. CR2032 baterija (\u012f komplekt\u0105 \u012feina)Baterijos veikimo laikas 55 hAutomatinis i\u0161sijungimas 70s<\/p>","protected":false},"excerpt":{"rendered":"<p>Dinamometrinis raktas skaitmeninis\u00a0 1\/2 40-200Nm<\/p>","protected":false},"featured_media":406715,"comment_status":"open","ping_status":"open","template":"","meta":[],"product_cat":[9524],"product_tag":[10151],"class_list":{"0":"post-406713","1":"product","2":"type-product","3":"status-publish","4":"has-post-thumbnail","6":"product_brand-lenkija-tiekejas","7":"product_cat-dinamometriniai-raktai","8":"product_tag-lenkija-tiekejas","10":"first","11":"outofstock","12":"purchasable","13":"product-type-simple"},"jetpack_sharing_enabled":true,"_links":{"self":[{"href":"https:\/\/irankiuzona.lt\/ru\/wp-json\/wp\/v2\/product\/406713","targetHints":{"allow":["GET"]}}],"collection":[{"href":"https:\/\/irankiuzona.lt\/ru\/wp-json\/wp\/v2\/product"}],"about":[{"href":"https:\/\/irankiuzona.lt\/ru\/wp-json\/wp\/v2\/types\/product"}],"replies":[{"embeddable":true,"href":"https:\/\/irankiuzona.lt\/ru\/wp-json\/wp\/v2\/comments?post=406713"}],"version-history":[{"count":1,"href":"https:\/\/irankiuzona.lt\/ru\/wp-json\/wp\/v2\/product\/406713\/revisions"}],"predecessor-version":[{"id":423694,"href":"https:\/\/irankiuzona.lt\/ru\/wp-json\/wp\/v2\/product\/406713\/revisions\/423694"}],"wp:featuredmedia":[{"embeddable":true,"href":"https:\/\/irankiuzona.lt\/ru\/wp-json\/wp\/v2\/media\/406715"}],"wp:attachment":[{"href":"https:\/\/irankiuzona.lt\/ru\/wp-json\/wp\/v2\/media?parent=406713"}],"wp:term":[{"taxonomy":"product_cat","embeddable":true,"href":"https:\/\/irankiuzona.lt\/ru\/wp-json\/wp\/v2\/product_cat?post=406713"},{"taxonomy":"product_tag","embeddable":true,"href":"https:\/\/irankiuzona.lt\/ru\/wp-json\/wp\/v2\/product_tag?post=406713"}],"curies":[{"name":"wp","href":"https:\/\/api.w.org\/{rel}","templated":true}]}}