{"id":406719,"date":"2025-07-12T14:02:25","date_gmt":"2025-07-12T14:02:25","guid":{"rendered":"https:\/\/irankiuzona.lt\/product\/rudziu-valiklis-450ml-mannol\/"},"modified":"2026-05-09T12:48:32","modified_gmt":"2026-05-09T12:48:32","slug":"rudziu-valiklis-450ml-mannol","status":"publish","type":"product","link":"https:\/\/irankiuzona.lt\/ru\/product\/rudziu-valiklis-450ml-mannol\/","title":{"rendered":"R\u016bd\u017ei\u0173 valiklis 450ml MANNOL"},"content":{"rendered":"<p>Pagerina v\u0117lesn\u0117s dangos sukibim\u0105 su apdorotu pavir\u0161iumiMolibdeno disulfido buvimas u\u017etikrina puikias antifrikcines savybes judrioms jungtims, u\u017etikrina skland\u0173 j\u0173 veikim\u0105, lengv\u0105 jud\u0117jim\u0105 ir ilg\u0105 laik\u0105 pa\u0161alina girg\u017ed\u0117jim\u0105Gali b\u016bti naudojamas rit\u0117ms ir u\u017edegimo \u017evak\u0117ms d\u017eiovinti, nes i\u0161stumia dr\u0117gm\u0119 ir degalus nuo j\u0173 darbini\u0173 pavir\u0161i\u0173, padeda u\u017evesti dr\u0117gnus variklius ir elektros prietaisusNeutralus metalo, plastiko, gumos ir da\u017e\u0173 pavir\u0161iamsGali b\u016bti naudojamas buityje, degalin\u0117se, pramon\u0117je ir \u017eem\u0117s \u016bkyjeNaudojimas: prie\u0161 naudojim\u0105 gerai suplakti. Pur\u0161kite ant sur\u016bdijusio pavir\u0161iaus ma\u017edaug i\u0161 20 cm atstumo ir leiskite \u012fsigerti 30 minu\u010di\u0173. Jei reikia, nuvalykite pavir\u0161i\u0173 \u0161luoste, kad pa\u0161alintum\u0117te likusias r\u016bdis ir ne\u0161varumus.<\/p>","protected":false},"excerpt":{"rendered":"<p>R\u016bd\u017ei\u0173 valiklis 450ml MANNOL<\/p>","protected":false},"featured_media":406721,"comment_status":"open","ping_status":"open","template":"","meta":[],"product_cat":[9824],"product_tag":[9845],"class_list":{"0":"post-406719","1":"product","2":"type-product","3":"status-publish","4":"has-post-thumbnail","6":"product_brand-vokietija-germany","7":"product_cat-autochemija","8":"product_tag-vokietija-germany","10":"first","11":"instock","12":"purchasable","13":"product-type-simple"},"jetpack_sharing_enabled":true,"_links":{"self":[{"href":"https:\/\/irankiuzona.lt\/ru\/wp-json\/wp\/v2\/product\/406719","targetHints":{"allow":["GET"]}}],"collection":[{"href":"https:\/\/irankiuzona.lt\/ru\/wp-json\/wp\/v2\/product"}],"about":[{"href":"https:\/\/irankiuzona.lt\/ru\/wp-json\/wp\/v2\/types\/product"}],"replies":[{"embeddable":true,"href":"https:\/\/irankiuzona.lt\/ru\/wp-json\/wp\/v2\/comments?post=406719"}],"version-history":[{"count":1,"href":"https:\/\/irankiuzona.lt\/ru\/wp-json\/wp\/v2\/product\/406719\/revisions"}],"predecessor-version":[{"id":423947,"href":"https:\/\/irankiuzona.lt\/ru\/wp-json\/wp\/v2\/product\/406719\/revisions\/423947"}],"wp:featuredmedia":[{"embeddable":true,"href":"https:\/\/irankiuzona.lt\/ru\/wp-json\/wp\/v2\/media\/406721"}],"wp:attachment":[{"href":"https:\/\/irankiuzona.lt\/ru\/wp-json\/wp\/v2\/media?parent=406719"}],"wp:term":[{"taxonomy":"product_cat","embeddable":true,"href":"https:\/\/irankiuzona.lt\/ru\/wp-json\/wp\/v2\/product_cat?post=406719"},{"taxonomy":"product_tag","embeddable":true,"href":"https:\/\/irankiuzona.lt\/ru\/wp-json\/wp\/v2\/product_tag?post=406719"}],"curies":[{"name":"wp","href":"https:\/\/api.w.org\/{rel}","templated":true}]}}