{"id":406722,"date":"2025-07-12T14:02:27","date_gmt":"2025-07-12T14:02:27","guid":{"rendered":"https:\/\/irankiuzona.lt\/product\/universali-tepimo-priemone-m-40-mannol\/"},"modified":"2026-05-06T22:48:49","modified_gmt":"2026-05-06T22:48:49","slug":"universali-tepimo-priemone-m-40-mannol","status":"publish","type":"product","link":"https:\/\/irankiuzona.lt\/ru\/product\/universali-tepimo-priemone-m-40-mannol\/","title":{"rendered":"Universali tepimo priemon\u0117  M-40 Mannol"},"content":{"rendered":"<p>MANNOL M-40 Lubricant yra universalus (prasiskverbiantis, valantis, antikorozinis, dr\u0117gm\u0119 i\u0161stumiantis, sutepantis ir kt.) aerozolinis tepalas \u2013 WD-40 analogas. Jis pasi\u017eymi unikaliomis tepimo ir apsaugin\u0117mis savyb\u0117mis ir yra pla\u010diai pritaikytas. Idealiai tinka profesionaliam ir nam\u0173 naudojimui. Tai labai efektyvus greitai \u012fsiskverbian\u010di\u0173 aktyvi\u0173j\u0173 tirpikli\u0173 ir aliej\u0173 mi\u0161inys.<br \/>\nSavyb\u0117s:Turi puikias valymo savybes. Nuvalo ir lengvai pa\u0161alina riebalus, ne\u0161varumus, bitumines d\u0117mes, klij\u0173 liku\u010dius ir kt. nuo daugumos pavir\u0161i\u0173, suformuojant apsaugin\u012f sluoksn\u012f;U\u017edengia pavir\u0161i\u0173, neleid\u017eiant atsirasti dr\u0117gmei net esant metalo mikronelygumams;Pasi\u017eymi geromis tepimo savyb\u0117mis, ma\u017eina trint\u012f, u\u017etikrina skland\u0173 jung\u010di\u0173 ir kit\u0173 judan\u010di\u0173 mechanizm\u0173 dali\u0173 veikim\u0105, nepaliekant riebi\u0173 ir lipni\u0173 p\u0117dsak\u0173;<\/p>","protected":false},"excerpt":{"rendered":"<p>Universali tepimo priemon\u0117\u00a0 M-40 Mannol<\/p>","protected":false},"featured_media":406724,"comment_status":"open","ping_status":"open","template":"","meta":[],"product_cat":[9824],"product_tag":[9845],"class_list":{"0":"post-406722","1":"product","2":"type-product","3":"status-publish","4":"has-post-thumbnail","6":"product_brand-vokietija-germany","7":"product_cat-autochemija","8":"product_tag-vokietija-germany","10":"first","11":"instock","12":"purchasable","13":"product-type-simple"},"jetpack_sharing_enabled":true,"_links":{"self":[{"href":"https:\/\/irankiuzona.lt\/ru\/wp-json\/wp\/v2\/product\/406722","targetHints":{"allow":["GET"]}}],"collection":[{"href":"https:\/\/irankiuzona.lt\/ru\/wp-json\/wp\/v2\/product"}],"about":[{"href":"https:\/\/irankiuzona.lt\/ru\/wp-json\/wp\/v2\/types\/product"}],"replies":[{"embeddable":true,"href":"https:\/\/irankiuzona.lt\/ru\/wp-json\/wp\/v2\/comments?post=406722"}],"version-history":[{"count":1,"href":"https:\/\/irankiuzona.lt\/ru\/wp-json\/wp\/v2\/product\/406722\/revisions"}],"predecessor-version":[{"id":423949,"href":"https:\/\/irankiuzona.lt\/ru\/wp-json\/wp\/v2\/product\/406722\/revisions\/423949"}],"wp:featuredmedia":[{"embeddable":true,"href":"https:\/\/irankiuzona.lt\/ru\/wp-json\/wp\/v2\/media\/406724"}],"wp:attachment":[{"href":"https:\/\/irankiuzona.lt\/ru\/wp-json\/wp\/v2\/media?parent=406722"}],"wp:term":[{"taxonomy":"product_cat","embeddable":true,"href":"https:\/\/irankiuzona.lt\/ru\/wp-json\/wp\/v2\/product_cat?post=406722"},{"taxonomy":"product_tag","embeddable":true,"href":"https:\/\/irankiuzona.lt\/ru\/wp-json\/wp\/v2\/product_tag?post=406722"}],"curies":[{"name":"wp","href":"https:\/\/api.w.org\/{rel}","templated":true}]}}