{"id":406725,"date":"2025-07-12T14:07:03","date_gmt":"2025-07-12T14:07:03","guid":{"rendered":"https:\/\/irankiuzona.lt\/product\/licio-tepalas-400ml-mannol\/"},"modified":"2026-05-06T21:56:48","modified_gmt":"2026-05-06T21:56:48","slug":"licio-tepalas-400ml-mannol","status":"publish","type":"product","link":"https:\/\/irankiuzona.lt\/ru\/product\/licio-tepalas-400ml-mannol\/","title":{"rendered":"Li\u010dio tepalas  400ml MANNOL"},"content":{"rendered":"<p>Universalus vandeniui atsparus li\u010dio tepalas aerozolio pavidalu, skirtas sutepti metalines, plastikines ir gumines automobili\u0173, motocikl\u0173, elektros \u012frangos ir kitos \u012frangos dalisVeiksmingai apsaugo nuo dr\u0117gm\u0117s, korozijos ir nusid\u0117v\u0117jimo\u0160altyje nestor\u0117ja, kar\u0161tyje nenutekaI\u0161laiko eksploatacines savybes nuo -30 \u00b0C iki + 120 \u00b0C, o tai padidina frikcini\u0173 mazg\u0173 tarnavimo laik\u0105;D\u0117l savo sud\u0117tyje esan\u010di\u0173 skirting\u0173 metalo katijon\u0173 jis padidina apsaugines savybes ir patikimai apsaugo metalinius pavir\u0161ius nuo korozijos;Patikimai apsaugo guolius ir kitas dalis nuo korozijos eksploatuojant \u012frang\u0105 dr\u0117gnoje ir u\u017eter\u0161toje aplinkoje u\u017etikrinant ilg\u0105 tarnavimo laik\u0105;<\/p>","protected":false},"excerpt":{"rendered":"<p>Li\u010dio tepalas\u00a0 400ml MANNOL<\/p>","protected":false},"featured_media":406727,"comment_status":"open","ping_status":"open","template":"","meta":[],"product_cat":[9824],"product_tag":[9845],"class_list":{"0":"post-406725","1":"product","2":"type-product","3":"status-publish","4":"has-post-thumbnail","6":"product_brand-vokietija-germany","7":"product_cat-autochemija","8":"product_tag-vokietija-germany","10":"first","11":"instock","12":"purchasable","13":"product-type-simple"},"jetpack_sharing_enabled":true,"_links":{"self":[{"href":"https:\/\/irankiuzona.lt\/ru\/wp-json\/wp\/v2\/product\/406725","targetHints":{"allow":["GET"]}}],"collection":[{"href":"https:\/\/irankiuzona.lt\/ru\/wp-json\/wp\/v2\/product"}],"about":[{"href":"https:\/\/irankiuzona.lt\/ru\/wp-json\/wp\/v2\/types\/product"}],"replies":[{"embeddable":true,"href":"https:\/\/irankiuzona.lt\/ru\/wp-json\/wp\/v2\/comments?post=406725"}],"version-history":[{"count":1,"href":"https:\/\/irankiuzona.lt\/ru\/wp-json\/wp\/v2\/product\/406725\/revisions"}],"predecessor-version":[{"id":424211,"href":"https:\/\/irankiuzona.lt\/ru\/wp-json\/wp\/v2\/product\/406725\/revisions\/424211"}],"wp:featuredmedia":[{"embeddable":true,"href":"https:\/\/irankiuzona.lt\/ru\/wp-json\/wp\/v2\/media\/406727"}],"wp:attachment":[{"href":"https:\/\/irankiuzona.lt\/ru\/wp-json\/wp\/v2\/media?parent=406725"}],"wp:term":[{"taxonomy":"product_cat","embeddable":true,"href":"https:\/\/irankiuzona.lt\/ru\/wp-json\/wp\/v2\/product_cat?post=406725"},{"taxonomy":"product_tag","embeddable":true,"href":"https:\/\/irankiuzona.lt\/ru\/wp-json\/wp\/v2\/product_tag?post=406725"}],"curies":[{"name":"wp","href":"https:\/\/api.w.org\/{rel}","templated":true}]}}