{"id":406728,"date":"2025-07-12T14:18:26","date_gmt":"2025-07-12T14:18:26","guid":{"rendered":"https:\/\/irankiuzona.lt\/product\/hermetikas-juodas-85g-mannol\/"},"modified":"2026-05-06T21:05:41","modified_gmt":"2026-05-06T21:05:41","slug":"hermetikas-juodas-85g-mannol","status":"publish","type":"product","link":"https:\/\/irankiuzona.lt\/ru\/product\/hermetikas-juodas-85g-mannol\/","title":{"rendered":"Hermetikas juodas 85g. MANNOL"},"content":{"rendered":"<p>Darbin\u0117s temperat\u016bros diapazonas: -40 \u00b0C iki +230 \u00b0C (su pertraukomis).Sandarikl\u012f laikykite v\u0117sioje ir sausoje vietoje sandariai u\u017edarytoje originalioje pakuot\u0117je.Jis i\u0161laiko savo stiprum\u0105 ma\u017eiausiai dvejus metus nuo pagaminimo datos.<\/p>","protected":false},"excerpt":{"rendered":"<p>Hermetikas juodas 85g. MANNOL<\/p>","protected":false},"featured_media":406730,"comment_status":"open","ping_status":"open","template":"","meta":[],"product_cat":[9824],"product_tag":[9845],"class_list":{"0":"post-406728","1":"product","2":"type-product","3":"status-publish","4":"has-post-thumbnail","6":"product_brand-vokietija-germany","7":"product_cat-autochemija","8":"product_tag-vokietija-germany","10":"first","11":"instock","12":"purchasable","13":"product-type-simple"},"jetpack_sharing_enabled":true,"_links":{"self":[{"href":"https:\/\/irankiuzona.lt\/ru\/wp-json\/wp\/v2\/product\/406728","targetHints":{"allow":["GET"]}}],"collection":[{"href":"https:\/\/irankiuzona.lt\/ru\/wp-json\/wp\/v2\/product"}],"about":[{"href":"https:\/\/irankiuzona.lt\/ru\/wp-json\/wp\/v2\/types\/product"}],"replies":[{"embeddable":true,"href":"https:\/\/irankiuzona.lt\/ru\/wp-json\/wp\/v2\/comments?post=406728"}],"version-history":[{"count":1,"href":"https:\/\/irankiuzona.lt\/ru\/wp-json\/wp\/v2\/product\/406728\/revisions"}],"predecessor-version":[{"id":424864,"href":"https:\/\/irankiuzona.lt\/ru\/wp-json\/wp\/v2\/product\/406728\/revisions\/424864"}],"wp:featuredmedia":[{"embeddable":true,"href":"https:\/\/irankiuzona.lt\/ru\/wp-json\/wp\/v2\/media\/406730"}],"wp:attachment":[{"href":"https:\/\/irankiuzona.lt\/ru\/wp-json\/wp\/v2\/media?parent=406728"}],"wp:term":[{"taxonomy":"product_cat","embeddable":true,"href":"https:\/\/irankiuzona.lt\/ru\/wp-json\/wp\/v2\/product_cat?post=406728"},{"taxonomy":"product_tag","embeddable":true,"href":"https:\/\/irankiuzona.lt\/ru\/wp-json\/wp\/v2\/product_tag?post=406728"}],"curies":[{"name":"wp","href":"https:\/\/api.w.org\/{rel}","templated":true}]}}