{"id":406749,"date":"2025-07-12T14:48:11","date_gmt":"2025-07-12T14:48:11","guid":{"rendered":"https:\/\/irankiuzona.lt\/product\/hermetikas-raudonas-85g-mannol\/"},"modified":"2026-05-09T16:54:42","modified_gmt":"2026-05-09T16:54:42","slug":"hermetikas-raudonas-85g-mannol","status":"publish","type":"product","link":"https:\/\/irankiuzona.lt\/ru\/product\/hermetikas-raudonas-85g-mannol\/","title":{"rendered":"Hermetikas raudonas 85g MANNOL"},"content":{"rendered":"<p>Auk\u0161tos kokyb\u0117s silikoninis hermetikas, kuris kambario temperat\u016broje vulkanizuojasi \u012f silikonin\u012f kau\u010diuk\u0105Labai atsparus ekstremaliam temperat\u016bros poveikiui. Sudaro patikim\u0105 tarpikl\u012f, kuris neskyla, nesusl\u016bgsta ir nepasislenka staigiai kei\u010diantis temperat\u016brai\u0160iuo hermetiku galima pakeisti riebok\u0161lius, asbestinius, guminius, veltininius, popierinius, kam\u0161tinius ir metalinius tarpikliusAtsparus tepal\u0173, antifrizo, benzino, \u017eibalo, vandens, r\u016bg\u0161\u010di\u0173 ir \u0161arm\u0173 tirpal\u0173 poveikiuiLengvai u\u017etepamas, lankstus. Darbin\u0117 temperat\u016bra -50 \u00b0C +300 \u00b0C, sand\u0117liavimo temperat\u016bra +5 \u00b0C +25 \u00b0C<\/p>","protected":false},"excerpt":{"rendered":"<p>Hermetikas raudonas 85g MANNOL<\/p>","protected":false},"featured_media":406751,"comment_status":"open","ping_status":"open","template":"","meta":[],"product_cat":[9824],"product_tag":[9845],"class_list":{"0":"post-406749","1":"product","2":"type-product","3":"status-publish","4":"has-post-thumbnail","6":"product_brand-vokietija-germany","7":"product_cat-autochemija","8":"product_tag-vokietija-germany","10":"first","11":"instock","12":"purchasable","13":"product-type-simple"},"jetpack_sharing_enabled":true,"_links":{"self":[{"href":"https:\/\/irankiuzona.lt\/ru\/wp-json\/wp\/v2\/product\/406749","targetHints":{"allow":["GET"]}}],"collection":[{"href":"https:\/\/irankiuzona.lt\/ru\/wp-json\/wp\/v2\/product"}],"about":[{"href":"https:\/\/irankiuzona.lt\/ru\/wp-json\/wp\/v2\/types\/product"}],"replies":[{"embeddable":true,"href":"https:\/\/irankiuzona.lt\/ru\/wp-json\/wp\/v2\/comments?post=406749"}],"version-history":[{"count":1,"href":"https:\/\/irankiuzona.lt\/ru\/wp-json\/wp\/v2\/product\/406749\/revisions"}],"predecessor-version":[{"id":426627,"href":"https:\/\/irankiuzona.lt\/ru\/wp-json\/wp\/v2\/product\/406749\/revisions\/426627"}],"wp:featuredmedia":[{"embeddable":true,"href":"https:\/\/irankiuzona.lt\/ru\/wp-json\/wp\/v2\/media\/406751"}],"wp:attachment":[{"href":"https:\/\/irankiuzona.lt\/ru\/wp-json\/wp\/v2\/media?parent=406749"}],"wp:term":[{"taxonomy":"product_cat","embeddable":true,"href":"https:\/\/irankiuzona.lt\/ru\/wp-json\/wp\/v2\/product_cat?post=406749"},{"taxonomy":"product_tag","embeddable":true,"href":"https:\/\/irankiuzona.lt\/ru\/wp-json\/wp\/v2\/product_tag?post=406749"}],"curies":[{"name":"wp","href":"https:\/\/api.w.org\/{rel}","templated":true}]}}