{"id":406755,"date":"2025-07-12T14:50:30","date_gmt":"2025-07-12T14:50:30","guid":{"rendered":"https:\/\/irankiuzona.lt\/product\/variklio-praplovimo-skystis-450ml-mannol\/"},"modified":"2026-05-09T23:48:05","modified_gmt":"2026-05-09T23:48:05","slug":"variklio-praplovimo-skystis-450ml-mannol","status":"publish","type":"product","link":"https:\/\/irankiuzona.lt\/ru\/product\/variklio-praplovimo-skystis-450ml-mannol\/","title":{"rendered":"Variklio praplovimo skystis  450ml MANNOL"},"content":{"rendered":"<p>\u201eMANNOL Motor Flush Professional\u201c \u2013 specialus valiklis, skirtas nuos\u0117doms, ne\u0161varumams, dumblui ir susid\u0117v\u0117jimo produktams \u0161alinti nuo variklio dali\u0173, \u012fskaitant sunkiausiai pasiekiamas alyvos sistemos dalis. Jame yra sintetini\u0173 esteri\u0173.<br \/>\nSavyb\u0117s:Valo alyvos sistem\u0105 ir alyvos siurbli\u0173 filtr\u0173 tinklelius. U\u017etikrina patikim\u0105 tepim\u0105 praplovimo metu, apsaugodamas atskiras variklio dalis nuo dilimo. D\u0117l unikalios sud\u0117ties plovikli\u0173-dispersini\u0173 pried\u0173 u\u017etikrinamas labai efektyvus ir saugus suod\u017ei\u0173 pa\u0161alinimas, \u012fskaitant ir nuo st\u016bmokli\u0173 dugno;Po panaudojimo palieka stipri\u0105 ir patvari\u0105 apsaugin\u0119 pl\u0117vel\u0119 nuo trinties ant atskir\u0173 variklio dali\u0173 pavir\u0161iaus;Pa\u0161alina tiek tirpius, tiek netirpius alyvoje esan\u010dius ne\u0161varumus;Valymas yra \u0161velnus visoms atskiroms variklio dalims ir komponentams ir j\u0173 nepa\u017eeid\u017eia;Neutralus naudojamiems sandarikliams;Mai\u0161omas su vis\u0173 tip\u0173 variklin\u0117mis alyvomis (mineralin\u0117mis ir sintetin\u0117mis ir kt.) ir tinka vis\u0173 benzinini\u0173 ir dyzelini\u0173 varikli\u0173 su turbokompresoriumi ir be jo, su i\u0161metam\u0173j\u0173 duj\u0173 papildomo apdorojimo sistemomis ir be j\u0173 praplovimui;Visi\u0161kai pa\u0161alinamas i\u0161 sistemos kartu su sena alyva.<br \/>\nPrie\u0161 keisdami variklio alyv\u0105, kai variklis yra darbin\u0117s temperat\u016bros, supilkite indo turin\u012f \u012f panaudot\u0105 variklio alyv\u0105. Po 10 minu\u010di\u0173 darbo tu\u0161\u010di\u0105ja eiga i\u0161leiskite panaudot\u0105 alyv\u0105, pakeiskite filtr\u0105 ir \u012fpilkite naujos alyvos (NEVA\u017dIUOKITE TRANSPORTO PRIEMON\u0116S, KOL NEPILD\u0116TE NAUJOS ALYVOS!). 450 ml talpos skardin\u0117 tinka 4\u20136 litrams variklio alyvos.<\/p>","protected":false},"excerpt":{"rendered":"<p>Variklio praplovimo skystis MANNOL 450ml<\/p>","protected":false},"featured_media":406757,"comment_status":"open","ping_status":"open","template":"","meta":[],"product_cat":[9824],"product_tag":[9845],"class_list":{"0":"post-406755","1":"product","2":"type-product","3":"status-publish","4":"has-post-thumbnail","6":"product_brand-vokietija-germany","7":"product_cat-autochemija","8":"product_tag-vokietija-germany","10":"first","11":"instock","12":"purchasable","13":"product-type-simple"},"jetpack_sharing_enabled":true,"_links":{"self":[{"href":"https:\/\/irankiuzona.lt\/ru\/wp-json\/wp\/v2\/product\/406755","targetHints":{"allow":["GET"]}}],"collection":[{"href":"https:\/\/irankiuzona.lt\/ru\/wp-json\/wp\/v2\/product"}],"about":[{"href":"https:\/\/irankiuzona.lt\/ru\/wp-json\/wp\/v2\/types\/product"}],"replies":[{"embeddable":true,"href":"https:\/\/irankiuzona.lt\/ru\/wp-json\/wp\/v2\/comments?post=406755"}],"version-history":[{"count":1,"href":"https:\/\/irankiuzona.lt\/ru\/wp-json\/wp\/v2\/product\/406755\/revisions"}],"predecessor-version":[{"id":426768,"href":"https:\/\/irankiuzona.lt\/ru\/wp-json\/wp\/v2\/product\/406755\/revisions\/426768"}],"wp:featuredmedia":[{"embeddable":true,"href":"https:\/\/irankiuzona.lt\/ru\/wp-json\/wp\/v2\/media\/406757"}],"wp:attachment":[{"href":"https:\/\/irankiuzona.lt\/ru\/wp-json\/wp\/v2\/media?parent=406755"}],"wp:term":[{"taxonomy":"product_cat","embeddable":true,"href":"https:\/\/irankiuzona.lt\/ru\/wp-json\/wp\/v2\/product_cat?post=406755"},{"taxonomy":"product_tag","embeddable":true,"href":"https:\/\/irankiuzona.lt\/ru\/wp-json\/wp\/v2\/product_tag?post=406755"}],"curies":[{"name":"wp","href":"https:\/\/api.w.org\/{rel}","templated":true}]}}