{"id":406767,"date":"2025-07-12T14:51:23","date_gmt":"2025-07-12T14:51:23","guid":{"rendered":"https:\/\/irankiuzona.lt\/product\/prailgintu-1-2-galvu-komplektas-6-kampu-10-24mm\/"},"modified":"2026-05-09T10:25:46","modified_gmt":"2026-05-09T10:25:46","slug":"prailgintu-1-2-galvu-komplektas-6-kampu-10-24mm","status":"publish","type":"product","link":"https:\/\/irankiuzona.lt\/ru\/product\/prailgintu-1-2-galvu-komplektas-6-kampu-10-24mm\/","title":{"rendered":"Prailgint\u0173 1\/2 galv\u0173 komplektas 6-kamp\u0173 (10-24mm)"},"content":{"rendered":"<p>Komplekte: 10 &#8211; 12 &#8211; 13 &#8211; 15 &#8211; 17 &#8211; 19 &#8211; 22 &#8211; 24 mmCrV plienas<\/p>","protected":false},"excerpt":{"rendered":"<p>HOGERT\u00a0Prailgint\u0173 1\/2 \u0161e\u0161iakampi\u0173 galv\u0173 komplektas (10-24mm), 8 dali\u0173<\/p>","protected":false},"featured_media":406769,"comment_status":"open","ping_status":"open","template":"","meta":[],"product_cat":[9494],"product_tag":[9969],"class_list":{"0":"post-406767","1":"product","2":"type-product","3":"status-publish","4":"has-post-thumbnail","6":"product_brand-hogert-technik-vokietija","7":"product_cat-1-2-125-mm-galvuciu-komplektai","8":"product_tag-hogert-technik-vokietija","10":"first","11":"instock","12":"purchasable","13":"product-type-simple"},"jetpack_sharing_enabled":true,"_links":{"self":[{"href":"https:\/\/irankiuzona.lt\/ru\/wp-json\/wp\/v2\/product\/406767","targetHints":{"allow":["GET"]}}],"collection":[{"href":"https:\/\/irankiuzona.lt\/ru\/wp-json\/wp\/v2\/product"}],"about":[{"href":"https:\/\/irankiuzona.lt\/ru\/wp-json\/wp\/v2\/types\/product"}],"replies":[{"embeddable":true,"href":"https:\/\/irankiuzona.lt\/ru\/wp-json\/wp\/v2\/comments?post=406767"}],"version-history":[{"count":1,"href":"https:\/\/irankiuzona.lt\/ru\/wp-json\/wp\/v2\/product\/406767\/revisions"}],"predecessor-version":[{"id":426835,"href":"https:\/\/irankiuzona.lt\/ru\/wp-json\/wp\/v2\/product\/406767\/revisions\/426835"}],"wp:featuredmedia":[{"embeddable":true,"href":"https:\/\/irankiuzona.lt\/ru\/wp-json\/wp\/v2\/media\/406769"}],"wp:attachment":[{"href":"https:\/\/irankiuzona.lt\/ru\/wp-json\/wp\/v2\/media?parent=406767"}],"wp:term":[{"taxonomy":"product_cat","embeddable":true,"href":"https:\/\/irankiuzona.lt\/ru\/wp-json\/wp\/v2\/product_cat?post=406767"},{"taxonomy":"product_tag","embeddable":true,"href":"https:\/\/irankiuzona.lt\/ru\/wp-json\/wp\/v2\/product_tag?post=406767"}],"curies":[{"name":"wp","href":"https:\/\/api.w.org\/{rel}","templated":true}]}}