{"id":406785,"date":"2025-07-12T14:51:34","date_gmt":"2025-07-12T14:51:34","guid":{"rendered":"https:\/\/irankiuzona.lt\/product\/smuginiu-1-2-galvu-komplektas-10-24mm\/"},"modified":"2026-05-10T03:49:21","modified_gmt":"2026-05-10T03:49:21","slug":"smuginiu-1-2-galvu-komplektas-10-24mm","status":"publish","type":"product","link":"https:\/\/irankiuzona.lt\/ru\/product\/smuginiu-1-2-galvu-komplektas-10-24mm\/","title":{"rendered":"Sm\u016bgini\u0173 1\/2 galv\u0173 komplektas (10-24mm)"},"content":{"rendered":"<p>Komplekte:1\/2 trumpos sm\u016bgin\u0117s galvut\u0117s: 10 &#8211; 11 &#8211; 13 &#8211; 15 &#8211; 17 &#8211; 19 &#8211; 21 &#8211; 22 &#8211; 24 mm1\/2 ilgos galvut\u0117s su apsauga: 17 &#8211; 19 &#8211; 21 mm (150mm ilgio)<\/p>","protected":false},"excerpt":{"rendered":"<p>HOGERT Sm\u016bgini\u0173 1\/2 galv\u0173 komplektas (10-24mm), 12 dali\u0173. Sm\u016bgini\u0173 galv\u0173 komplektas automobili\u0173 rat\u0173 var\u017etams.<\/p>","protected":false},"featured_media":406787,"comment_status":"open","ping_status":"open","template":"","meta":[],"product_cat":[9499],"product_tag":[9969],"class_list":{"0":"post-406785","1":"product","2":"type-product","3":"status-publish","4":"has-post-thumbnail","6":"product_brand-hogert-technik-vokietija","7":"product_cat-smuginiu-galvuciu-komplektai","8":"product_tag-hogert-technik-vokietija","10":"first","11":"instock","12":"purchasable","13":"product-type-simple"},"jetpack_sharing_enabled":true,"_links":{"self":[{"href":"https:\/\/irankiuzona.lt\/ru\/wp-json\/wp\/v2\/product\/406785","targetHints":{"allow":["GET"]}}],"collection":[{"href":"https:\/\/irankiuzona.lt\/ru\/wp-json\/wp\/v2\/product"}],"about":[{"href":"https:\/\/irankiuzona.lt\/ru\/wp-json\/wp\/v2\/types\/product"}],"replies":[{"embeddable":true,"href":"https:\/\/irankiuzona.lt\/ru\/wp-json\/wp\/v2\/comments?post=406785"}],"version-history":[{"count":1,"href":"https:\/\/irankiuzona.lt\/ru\/wp-json\/wp\/v2\/product\/406785\/revisions"}],"predecessor-version":[{"id":426841,"href":"https:\/\/irankiuzona.lt\/ru\/wp-json\/wp\/v2\/product\/406785\/revisions\/426841"}],"wp:featuredmedia":[{"embeddable":true,"href":"https:\/\/irankiuzona.lt\/ru\/wp-json\/wp\/v2\/media\/406787"}],"wp:attachment":[{"href":"https:\/\/irankiuzona.lt\/ru\/wp-json\/wp\/v2\/media?parent=406785"}],"wp:term":[{"taxonomy":"product_cat","embeddable":true,"href":"https:\/\/irankiuzona.lt\/ru\/wp-json\/wp\/v2\/product_cat?post=406785"},{"taxonomy":"product_tag","embeddable":true,"href":"https:\/\/irankiuzona.lt\/ru\/wp-json\/wp\/v2\/product_tag?post=406785"}],"curies":[{"name":"wp","href":"https:\/\/api.w.org\/{rel}","templated":true}]}}