{"id":406864,"date":"2025-07-15T21:51:46","date_gmt":"2025-07-15T21:51:46","guid":{"rendered":"https:\/\/irankiuzona.lt\/product\/oro-srauto-reguliatorius-su-filtru-ir-tepaline-dydis1-2-2\/"},"modified":"2026-05-09T07:24:38","modified_gmt":"2026-05-09T07:24:38","slug":"oro-srauto-reguliatorius-su-filtru-ir-tepaline-dydis1-2-2","status":"publish","type":"product","link":"https:\/\/irankiuzona.lt\/ru\/product\/oro-srauto-reguliatorius-su-filtru-ir-tepaline-dydis1-2-2\/","title":{"rendered":"Oro srauto reguliatorius su filtru ir tepaline dydis1\/2"},"content":{"rendered":"<p>Prek\u0117s savyb\u0117sDid\u017eiausias sl\u0117gis: 1,0 MPa (150 psi)Darbin\u0117 temperat\u016bra: iki 60 \u00b0 CMed\u017eiaga: polikarbonatasVidinis sriegis: 1\/2 &quot;Jungtys 1\/2 sriegioAnalogai: AFRL804 &#8211;\u00a0U03161<\/p>","protected":false},"excerpt":{"rendered":"<p>Oro srauto reguliatorius su filtru ir tepaline dydis1\/2<\/p>","protected":false},"featured_media":296757,"comment_status":"open","ping_status":"open","template":"","meta":[],"product_cat":[9706],"product_tag":[9810],"class_list":{"0":"post-406864","1":"product","2":"type-product","3":"status-publish","4":"has-post-thumbnail","6":"product_brand-geko-lenkija","7":"product_cat-oro-srauto-reguliatoriai-tepalines-dregmes-surinkejai","8":"product_tag-geko-lenkija","10":"first","11":"instock","12":"purchasable","13":"product-type-simple"},"jetpack_sharing_enabled":true,"_links":{"self":[{"href":"https:\/\/irankiuzona.lt\/ru\/wp-json\/wp\/v2\/product\/406864","targetHints":{"allow":["GET"]}}],"collection":[{"href":"https:\/\/irankiuzona.lt\/ru\/wp-json\/wp\/v2\/product"}],"about":[{"href":"https:\/\/irankiuzona.lt\/ru\/wp-json\/wp\/v2\/types\/product"}],"replies":[{"embeddable":true,"href":"https:\/\/irankiuzona.lt\/ru\/wp-json\/wp\/v2\/comments?post=406864"}],"version-history":[{"count":1,"href":"https:\/\/irankiuzona.lt\/ru\/wp-json\/wp\/v2\/product\/406864\/revisions"}],"predecessor-version":[{"id":418015,"href":"https:\/\/irankiuzona.lt\/ru\/wp-json\/wp\/v2\/product\/406864\/revisions\/418015"}],"wp:featuredmedia":[{"embeddable":true,"href":"https:\/\/irankiuzona.lt\/ru\/wp-json\/wp\/v2\/media\/296757"}],"wp:attachment":[{"href":"https:\/\/irankiuzona.lt\/ru\/wp-json\/wp\/v2\/media?parent=406864"}],"wp:term":[{"taxonomy":"product_cat","embeddable":true,"href":"https:\/\/irankiuzona.lt\/ru\/wp-json\/wp\/v2\/product_cat?post=406864"},{"taxonomy":"product_tag","embeddable":true,"href":"https:\/\/irankiuzona.lt\/ru\/wp-json\/wp\/v2\/product_tag?post=406864"}],"curies":[{"name":"wp","href":"https:\/\/api.w.org\/{rel}","templated":true}]}}