{"id":406870,"date":"2025-07-15T21:55:38","date_gmt":"2025-07-15T21:55:38","guid":{"rendered":"https:\/\/irankiuzona.lt\/product\/guoliu-presavimo-komplektas-85mm-volkswagen\/"},"modified":"2026-05-10T09:37:18","modified_gmt":"2026-05-10T09:37:18","slug":"guoliu-presavimo-komplektas-85mm-volkswagen","status":"publish","type":"product","link":"https:\/\/irankiuzona.lt\/ru\/product\/guoliu-presavimo-komplektas-85mm-volkswagen\/","title":{"rendered":"Guoli\u0173 presavimo komplektas 85mm VOLKSWAGEN"},"content":{"rendered":"<p>Volkswagen-VAG-VW Transporter T5\u00a0\/ Touareg(VW Front Rear Hub Wheel Bearing Tools Remover 85 mm)Svoris: 9kgPana\u0161ias prekes galite rasti paie\u0161koje: (alternatyv\u016bs kodai):\u00a0U02475\u00a0&#8211;\u00a0AT4319\u00a0&#8211;\u00a0C5585<\/p>","protected":false},"excerpt":{"rendered":"<p>Stebul\u0117s rato guolio nuem\u0117jai VW-Volkswagen 85mm<\/p>","protected":false},"featured_media":248942,"comment_status":"open","ping_status":"open","template":"","meta":[],"product_cat":[9731],"product_tag":[9810],"class_list":{"0":"post-406870","1":"product","2":"type-product","3":"status-publish","4":"has-post-thumbnail","6":"product_brand-geko-lenkija","7":"product_cat-guoliu-sailentbloku-presavimo-irankiai","8":"product_tag-geko-lenkija","10":"first","11":"outofstock","12":"purchasable","13":"product-type-simple"},"jetpack_sharing_enabled":true,"_links":{"self":[{"href":"https:\/\/irankiuzona.lt\/ru\/wp-json\/wp\/v2\/product\/406870","targetHints":{"allow":["GET"]}}],"collection":[{"href":"https:\/\/irankiuzona.lt\/ru\/wp-json\/wp\/v2\/product"}],"about":[{"href":"https:\/\/irankiuzona.lt\/ru\/wp-json\/wp\/v2\/types\/product"}],"replies":[{"embeddable":true,"href":"https:\/\/irankiuzona.lt\/ru\/wp-json\/wp\/v2\/comments?post=406870"}],"version-history":[{"count":1,"href":"https:\/\/irankiuzona.lt\/ru\/wp-json\/wp\/v2\/product\/406870\/revisions"}],"predecessor-version":[{"id":418332,"href":"https:\/\/irankiuzona.lt\/ru\/wp-json\/wp\/v2\/product\/406870\/revisions\/418332"}],"wp:featuredmedia":[{"embeddable":true,"href":"https:\/\/irankiuzona.lt\/ru\/wp-json\/wp\/v2\/media\/248942"}],"wp:attachment":[{"href":"https:\/\/irankiuzona.lt\/ru\/wp-json\/wp\/v2\/media?parent=406870"}],"wp:term":[{"taxonomy":"product_cat","embeddable":true,"href":"https:\/\/irankiuzona.lt\/ru\/wp-json\/wp\/v2\/product_cat?post=406870"},{"taxonomy":"product_tag","embeddable":true,"href":"https:\/\/irankiuzona.lt\/ru\/wp-json\/wp\/v2\/product_tag?post=406870"}],"curies":[{"name":"wp","href":"https:\/\/api.w.org\/{rel}","templated":true}]}}