{"id":406874,"date":"2025-07-15T21:55:58","date_gmt":"2025-07-15T21:55:58","guid":{"rendered":"https:\/\/irankiuzona.lt\/product\/svirkstas-tepalams-600ml-profi\/"},"modified":"2026-05-10T08:46:41","modified_gmt":"2026-05-10T08:46:41","slug":"svirkstas-tepalams-600ml-profi","status":"publish","type":"product","link":"https:\/\/irankiuzona.lt\/ru\/product\/svirkstas-tepalams-600ml-profi\/","title":{"rendered":"\u0160virk\u0161tas tepalams 600ml Profi"},"content":{"rendered":"<p>Produkto charakteristikospaprasta naudotitalpa 600 mlneslystanti vinilo rankenasukuria sl\u0117g\u012f iki 12 000 PSIturi oro vo\u017etuv\u0105Techniniai duomenysTalpa: 600 mlMed\u017eiaga: plienas \/ aliuminisKomplekto turinysrankinis tepalasvamzdelis sulenktas tepalo speneliu38 cm lanksti \u017earna su tepalo antgaliu3 kalamitaiSvoris: 1,9kg<\/p>","protected":false},"excerpt":{"rendered":"<p>\u0160virk\u0161tas tepalams 600ml Profi<\/p>","protected":false},"featured_media":249031,"comment_status":"open","ping_status":"open","template":"","meta":[],"product_cat":[9490],"product_tag":[9810],"class_list":{"0":"post-406874","1":"product","2":"type-product","3":"status-publish","4":"has-post-thumbnail","6":"product_brand-geko-lenkija","7":"product_cat-svirkstai-tepalams-alyvai","8":"product_tag-geko-lenkija","10":"first","11":"instock","12":"purchasable","13":"product-type-simple"},"jetpack_sharing_enabled":true,"_links":{"self":[{"href":"https:\/\/irankiuzona.lt\/ru\/wp-json\/wp\/v2\/product\/406874","targetHints":{"allow":["GET"]}}],"collection":[{"href":"https:\/\/irankiuzona.lt\/ru\/wp-json\/wp\/v2\/product"}],"about":[{"href":"https:\/\/irankiuzona.lt\/ru\/wp-json\/wp\/v2\/types\/product"}],"replies":[{"embeddable":true,"href":"https:\/\/irankiuzona.lt\/ru\/wp-json\/wp\/v2\/comments?post=406874"}],"version-history":[{"count":1,"href":"https:\/\/irankiuzona.lt\/ru\/wp-json\/wp\/v2\/product\/406874\/revisions"}],"predecessor-version":[{"id":418362,"href":"https:\/\/irankiuzona.lt\/ru\/wp-json\/wp\/v2\/product\/406874\/revisions\/418362"}],"wp:featuredmedia":[{"embeddable":true,"href":"https:\/\/irankiuzona.lt\/ru\/wp-json\/wp\/v2\/media\/249031"}],"wp:attachment":[{"href":"https:\/\/irankiuzona.lt\/ru\/wp-json\/wp\/v2\/media?parent=406874"}],"wp:term":[{"taxonomy":"product_cat","embeddable":true,"href":"https:\/\/irankiuzona.lt\/ru\/wp-json\/wp\/v2\/product_cat?post=406874"},{"taxonomy":"product_tag","embeddable":true,"href":"https:\/\/irankiuzona.lt\/ru\/wp-json\/wp\/v2\/product_tag?post=406874"}],"curies":[{"name":"wp","href":"https:\/\/api.w.org\/{rel}","templated":true}]}}