{"id":406876,"date":"2025-07-15T21:57:16","date_gmt":"2025-07-15T21:57:16","guid":{"rendered":"https:\/\/irankiuzona.lt\/product\/pjuklas-metalui-300mm-plastikine-rankena-2\/"},"modified":"2026-05-10T07:14:54","modified_gmt":"2026-05-10T07:14:54","slug":"pjuklas-metalui-300mm-plastikine-rankena-2","status":"publish","type":"product","link":"https:\/\/irankiuzona.lt\/ru\/product\/pjuklas-metalui-300mm-plastikine-rankena-2\/","title":{"rendered":"Pj\u016bklas metalui 300mm plastikine rankena"},"content":{"rendered":"<p>Prek\u0117s savyb\u0117sPj\u016bklas turi ergonomi\u0161k\u0105 ranken\u0105 i\u0161 plastikoR\u0117melyje suprojektuota peili\u0173 saugyklaPritaikytas prie pla\u010di\u0173 dvipusi\u0173 ir siaur\u0173 vienpusi\u0173 peili\u0173A\u0161menys \u012ftempiami ranken\u0117leGalimyb\u0117 pj\u016bkl\u0105 nustatyti 0, 45 ir 90 \u00b0 kampu3 peiliukai:12 &quot;x 1\/2&quot; a\u0161menys, 24 pjovimo dantys colyje12 &quot;x 1\/2&quot; a\u0161menys, 18 pjovimo dant\u0173 colyje12 &quot;x 1\/2&quot; a\u0161menys, 5 pjovimo dantys colyjeSvoris:0,75kg<\/p>","protected":false},"excerpt":{"rendered":"<p>Pj\u016bklas metalui 300mm plastikine rankena<\/p>","protected":false},"featured_media":249379,"comment_status":"open","ping_status":"open","template":"","meta":[],"product_cat":[9886],"product_tag":[9810],"class_list":{"0":"post-406876","1":"product","2":"type-product","3":"status-publish","4":"has-post-thumbnail","6":"product_brand-geko-lenkija","7":"product_cat-pjuklai-metalui","8":"product_tag-geko-lenkija","10":"first","11":"instock","12":"purchasable","13":"product-type-simple"},"jetpack_sharing_enabled":true,"_links":{"self":[{"href":"https:\/\/irankiuzona.lt\/ru\/wp-json\/wp\/v2\/product\/406876","targetHints":{"allow":["GET"]}}],"collection":[{"href":"https:\/\/irankiuzona.lt\/ru\/wp-json\/wp\/v2\/product"}],"about":[{"href":"https:\/\/irankiuzona.lt\/ru\/wp-json\/wp\/v2\/types\/product"}],"replies":[{"embeddable":true,"href":"https:\/\/irankiuzona.lt\/ru\/wp-json\/wp\/v2\/comments?post=406876"}],"version-history":[{"count":1,"href":"https:\/\/irankiuzona.lt\/ru\/wp-json\/wp\/v2\/product\/406876\/revisions"}],"predecessor-version":[{"id":418467,"href":"https:\/\/irankiuzona.lt\/ru\/wp-json\/wp\/v2\/product\/406876\/revisions\/418467"}],"wp:featuredmedia":[{"embeddable":true,"href":"https:\/\/irankiuzona.lt\/ru\/wp-json\/wp\/v2\/media\/249379"}],"wp:attachment":[{"href":"https:\/\/irankiuzona.lt\/ru\/wp-json\/wp\/v2\/media?parent=406876"}],"wp:term":[{"taxonomy":"product_cat","embeddable":true,"href":"https:\/\/irankiuzona.lt\/ru\/wp-json\/wp\/v2\/product_cat?post=406876"},{"taxonomy":"product_tag","embeddable":true,"href":"https:\/\/irankiuzona.lt\/ru\/wp-json\/wp\/v2\/product_tag?post=406876"}],"curies":[{"name":"wp","href":"https:\/\/api.w.org\/{rel}","templated":true}]}}