{"id":406878,"date":"2025-07-15T21:59:32","date_gmt":"2025-07-15T21:59:32","guid":{"rendered":"https:\/\/irankiuzona.lt\/product\/dujinis-degiklis-2kw\/"},"modified":"2026-05-15T09:39:59","modified_gmt":"2026-05-15T09:39:59","slug":"dujinis-degiklis-2kw","status":"publish","type":"product","link":"https:\/\/irankiuzona.lt\/ru\/product\/dujinis-degiklis-2kw\/","title":{"rendered":"Dujinis degiklis  2kW"},"content":{"rendered":"<p>Techniniai duomenysMaksimali galia: iki 2 kWLiepsnos temperat\u016bra: iki 1850 \u00b0 CDuj\u0173 s\u0105naudos: 140 g \/ hPridedami purk\u0161tukai: ta\u0161kas &#8211; 17 mm, plok\u0161\u010dias &#8211; 40 mm, aplinkinis &#8211; 22 mmTiekiam\u0173 duj\u0173 vardinis sl\u0117gis: 0,5 MPaDegiklio ilgis: apie 40 cm\u017darnos ilgis: 1,5 mDegiklio jungtis: GZ 3\/8 &quot;\u017darnos jungtis: GW 3\/8 &quot;ir GW 1\/2&quot;Med\u017eiaga: cinkuotas plienas, plastikasKomplekto turinysdegiklis su reguliavimu3 purk\u0161tukai2 reguliavimo klavi\u0161ai\u017darna 1,5 m ilgioSvoris:1,01kg<\/p>","protected":false},"excerpt":{"rendered":"<p>Dujinis degiklis\u00a0 2kW\u00a0<\/p>","protected":false},"featured_media":249987,"comment_status":"open","ping_status":"open","template":"","meta":[],"product_cat":[9788],"product_tag":[9810],"class_list":{"0":"post-406878","1":"product","2":"type-product","3":"status-publish","4":"has-post-thumbnail","6":"product_brand-geko-lenkija","7":"product_cat-dujiniai-degikliai","8":"product_tag-geko-lenkija","10":"first","11":"instock","12":"purchasable","13":"product-type-simple"},"jetpack_sharing_enabled":true,"_links":{"self":[{"href":"https:\/\/irankiuzona.lt\/ru\/wp-json\/wp\/v2\/product\/406878","targetHints":{"allow":["GET"]}}],"collection":[{"href":"https:\/\/irankiuzona.lt\/ru\/wp-json\/wp\/v2\/product"}],"about":[{"href":"https:\/\/irankiuzona.lt\/ru\/wp-json\/wp\/v2\/types\/product"}],"replies":[{"embeddable":true,"href":"https:\/\/irankiuzona.lt\/ru\/wp-json\/wp\/v2\/comments?post=406878"}],"version-history":[{"count":1,"href":"https:\/\/irankiuzona.lt\/ru\/wp-json\/wp\/v2\/product\/406878\/revisions"}],"predecessor-version":[{"id":418660,"href":"https:\/\/irankiuzona.lt\/ru\/wp-json\/wp\/v2\/product\/406878\/revisions\/418660"}],"wp:featuredmedia":[{"embeddable":true,"href":"https:\/\/irankiuzona.lt\/ru\/wp-json\/wp\/v2\/media\/249987"}],"wp:attachment":[{"href":"https:\/\/irankiuzona.lt\/ru\/wp-json\/wp\/v2\/media?parent=406878"}],"wp:term":[{"taxonomy":"product_cat","embeddable":true,"href":"https:\/\/irankiuzona.lt\/ru\/wp-json\/wp\/v2\/product_cat?post=406878"},{"taxonomy":"product_tag","embeddable":true,"href":"https:\/\/irankiuzona.lt\/ru\/wp-json\/wp\/v2\/product_tag?post=406878"}],"curies":[{"name":"wp","href":"https:\/\/api.w.org\/{rel}","templated":true}]}}