{"id":406884,"date":"2025-07-15T22:04:34","date_gmt":"2025-07-15T22:04:34","guid":{"rendered":"https:\/\/irankiuzona.lt\/product\/dujinis-degiklis-max-2-85cm\/"},"modified":"2026-05-10T07:15:53","modified_gmt":"2026-05-10T07:15:53","slug":"dujinis-degiklis-max-2-85cm","status":"publish","type":"product","link":"https:\/\/irankiuzona.lt\/ru\/product\/dujinis-degiklis-max-2-85cm\/","title":{"rendered":"Dujinis degiklis MAX-2 85cm"},"content":{"rendered":"<p>Techniniai duomenysDegimo galia 28 kWLiepsnos temperat\u016bra: iki 1850 \u00b0 CDuj\u0173 srautas: 2000 g \/ hDegikliai: 60 mm degiklisBendras ilgis: apytiksliai 60 cmBendras duj\u0173 \u017earnos ilgis: 1,5 m\u017darn\u0173 jungtys: G3 \/ 8 LH ir W21,8 LHPakuot\u0117s turinys:Degiklis su reguliavimu1,5 m gumin\u0117 \u017earna su jungtimisVer\u017eliaraktis 17mm ir 19mmSvoris:1,05kg<\/p>","protected":false},"excerpt":{"rendered":"<p>Dujinis degiklis MAX-2 85cm<\/p>","protected":false},"featured_media":251178,"comment_status":"open","ping_status":"open","template":"","meta":[],"product_cat":[9788],"product_tag":[9810],"class_list":{"0":"post-406884","1":"product","2":"type-product","3":"status-publish","4":"has-post-thumbnail","6":"product_brand-geko-lenkija","7":"product_cat-dujiniai-degikliai","8":"product_tag-geko-lenkija","10":"first","11":"instock","12":"purchasable","13":"product-type-simple"},"jetpack_sharing_enabled":true,"_links":{"self":[{"href":"https:\/\/irankiuzona.lt\/ru\/wp-json\/wp\/v2\/product\/406884","targetHints":{"allow":["GET"]}}],"collection":[{"href":"https:\/\/irankiuzona.lt\/ru\/wp-json\/wp\/v2\/product"}],"about":[{"href":"https:\/\/irankiuzona.lt\/ru\/wp-json\/wp\/v2\/types\/product"}],"replies":[{"embeddable":true,"href":"https:\/\/irankiuzona.lt\/ru\/wp-json\/wp\/v2\/comments?post=406884"}],"version-history":[{"count":1,"href":"https:\/\/irankiuzona.lt\/ru\/wp-json\/wp\/v2\/product\/406884\/revisions"}],"predecessor-version":[{"id":419044,"href":"https:\/\/irankiuzona.lt\/ru\/wp-json\/wp\/v2\/product\/406884\/revisions\/419044"}],"wp:featuredmedia":[{"embeddable":true,"href":"https:\/\/irankiuzona.lt\/ru\/wp-json\/wp\/v2\/media\/251178"}],"wp:attachment":[{"href":"https:\/\/irankiuzona.lt\/ru\/wp-json\/wp\/v2\/media?parent=406884"}],"wp:term":[{"taxonomy":"product_cat","embeddable":true,"href":"https:\/\/irankiuzona.lt\/ru\/wp-json\/wp\/v2\/product_cat?post=406884"},{"taxonomy":"product_tag","embeddable":true,"href":"https:\/\/irankiuzona.lt\/ru\/wp-json\/wp\/v2\/product_tag?post=406884"}],"curies":[{"name":"wp","href":"https:\/\/api.w.org\/{rel}","templated":true}]}}