{"id":406914,"date":"2025-07-15T23:39:25","date_gmt":"2025-07-15T23:39:25","guid":{"rendered":"https:\/\/irankiuzona.lt\/product\/poliravimo-masinele-1200w-180mm-profi\/"},"modified":"2026-04-16T12:18:28","modified_gmt":"2026-04-16T12:18:28","slug":"poliravimo-masinele-1200w-180mm-profi","status":"publish","type":"product","link":"https:\/\/irankiuzona.lt\/ru\/product\/poliravimo-masinele-1200w-180mm-profi\/","title":{"rendered":"Poliravimo ma\u0161in\u0117l\u0117 1200W \/ 180mm PROFI"},"content":{"rendered":"<p>180mm 1200W automobili\u0173 poliruoklisM14 padas su lipniu u\u017esegimu180x30 mm poliravimo kempin\u0117 (geltona)Vilnos poliravimo gaubtas<\/p>","protected":false},"excerpt":{"rendered":"<p>Poliravimo ma\u0161in\u0117l\u0117 1200W \/ 180mm PROFI<\/p>","protected":false},"featured_media":331429,"comment_status":"open","ping_status":"open","template":"","meta":[],"product_cat":[9905],"product_tag":[9810],"class_list":{"0":"post-406914","1":"product","2":"type-product","3":"status-publish","4":"has-post-thumbnail","6":"product_brand-geko-lenkija","7":"product_cat-poliruokliai","8":"product_tag-geko-lenkija","10":"first","11":"outofstock","12":"purchasable","13":"product-type-simple"},"jetpack_sharing_enabled":true,"_links":{"self":[{"href":"https:\/\/irankiuzona.lt\/ru\/wp-json\/wp\/v2\/product\/406914","targetHints":{"allow":["GET"]}}],"collection":[{"href":"https:\/\/irankiuzona.lt\/ru\/wp-json\/wp\/v2\/product"}],"about":[{"href":"https:\/\/irankiuzona.lt\/ru\/wp-json\/wp\/v2\/types\/product"}],"replies":[{"embeddable":true,"href":"https:\/\/irankiuzona.lt\/ru\/wp-json\/wp\/v2\/comments?post=406914"}],"version-history":[{"count":1,"href":"https:\/\/irankiuzona.lt\/ru\/wp-json\/wp\/v2\/product\/406914\/revisions"}],"predecessor-version":[{"id":425496,"href":"https:\/\/irankiuzona.lt\/ru\/wp-json\/wp\/v2\/product\/406914\/revisions\/425496"}],"wp:featuredmedia":[{"embeddable":true,"href":"https:\/\/irankiuzona.lt\/ru\/wp-json\/wp\/v2\/media\/331429"}],"wp:attachment":[{"href":"https:\/\/irankiuzona.lt\/ru\/wp-json\/wp\/v2\/media?parent=406914"}],"wp:term":[{"taxonomy":"product_cat","embeddable":true,"href":"https:\/\/irankiuzona.lt\/ru\/wp-json\/wp\/v2\/product_cat?post=406914"},{"taxonomy":"product_tag","embeddable":true,"href":"https:\/\/irankiuzona.lt\/ru\/wp-json\/wp\/v2\/product_tag?post=406914"}],"curies":[{"name":"wp","href":"https:\/\/api.w.org\/{rel}","templated":true}]}}