{"id":406918,"date":"2025-07-15T23:43:16","date_gmt":"2025-07-15T23:43:16","guid":{"rendered":"https:\/\/irankiuzona.lt\/product\/lietpaltis-tamsiai-pilkas-m-50\/"},"modified":"2026-04-14T11:06:05","modified_gmt":"2026-04-14T11:06:05","slug":"lietpaltis-tamsiai-pilkas-m-50","status":"publish","type":"product","link":"https:\/\/irankiuzona.lt\/ru\/product\/lietpaltis-tamsiai-pilkas-m-50\/","title":{"rendered":"Lietpaltis tamsiai pilkas M (50)"},"content":{"rendered":"<p>Med\u017eiaga: 100 % PVC, storis 0,15 mm;Visi\u0161kai atsparus vandeniui;Didelis gobtuvas;2 priekin\u0117s u\u017edengtos ki\u0161en\u0117s;Supakuota polietileniniame mai\u0161elyje<\/p>","protected":false},"excerpt":{"rendered":"<p>Lietpaltis tamsiai pilkas M (50)<\/p>","protected":false},"featured_media":406920,"comment_status":"open","ping_status":"open","template":"","meta":[],"product_cat":[10004],"product_tag":[9969],"class_list":{"0":"post-406918","1":"product","2":"type-product","3":"status-publish","4":"has-post-thumbnail","6":"product_brand-hogert-technik-vokietija","7":"product_cat-darbines-striukes","8":"product_tag-hogert-technik-vokietija","10":"first","11":"instock","12":"purchasable","13":"product-type-simple"},"jetpack_sharing_enabled":true,"_links":{"self":[{"href":"https:\/\/irankiuzona.lt\/ru\/wp-json\/wp\/v2\/product\/406918","targetHints":{"allow":["GET"]}}],"collection":[{"href":"https:\/\/irankiuzona.lt\/ru\/wp-json\/wp\/v2\/product"}],"about":[{"href":"https:\/\/irankiuzona.lt\/ru\/wp-json\/wp\/v2\/types\/product"}],"replies":[{"embeddable":true,"href":"https:\/\/irankiuzona.lt\/ru\/wp-json\/wp\/v2\/comments?post=406918"}],"version-history":[{"count":1,"href":"https:\/\/irankiuzona.lt\/ru\/wp-json\/wp\/v2\/product\/406918\/revisions"}],"predecessor-version":[{"id":425741,"href":"https:\/\/irankiuzona.lt\/ru\/wp-json\/wp\/v2\/product\/406918\/revisions\/425741"}],"wp:featuredmedia":[{"embeddable":true,"href":"https:\/\/irankiuzona.lt\/ru\/wp-json\/wp\/v2\/media\/406920"}],"wp:attachment":[{"href":"https:\/\/irankiuzona.lt\/ru\/wp-json\/wp\/v2\/media?parent=406918"}],"wp:term":[{"taxonomy":"product_cat","embeddable":true,"href":"https:\/\/irankiuzona.lt\/ru\/wp-json\/wp\/v2\/product_cat?post=406918"},{"taxonomy":"product_tag","embeddable":true,"href":"https:\/\/irankiuzona.lt\/ru\/wp-json\/wp\/v2\/product_tag?post=406918"}],"curies":[{"name":"wp","href":"https:\/\/api.w.org\/{rel}","templated":true}]}}