{"id":406921,"date":"2025-07-15T23:48:53","date_gmt":"2025-07-15T23:48:53","guid":{"rendered":"https:\/\/irankiuzona.lt\/product\/hidraulinis-irankis-skylems-daryti-10t-22-60mm\/"},"modified":"2026-04-14T06:46:35","modified_gmt":"2026-04-14T06:46:35","slug":"hidraulinis-irankis-skylems-daryti-10t-22-60mm","status":"publish","type":"product","link":"https:\/\/irankiuzona.lt\/ru\/product\/hidraulinis-irankis-skylems-daryti-10t-22-60mm\/","title":{"rendered":"Hidraulinis \u012frankis skyl\u0117ms daryti 10T 22-60mm"},"content":{"rendered":"<p>Skyli\u0173 skersmuo: nuo 22 mm iki 60 mmApdorojama med\u017eiaga: plieno lak\u0161tai, ner\u016bdijan\u010dio plieno lak\u0161tai, spalvotieji metalaiMaksimalus med\u017eiagos storis: apie 4 mm (priklausomai nuo med\u017eiagos tipo)J\u0117ga: iki 10 ton\u01736 poros \u0161tamp\u0173, kuri\u0173 skersmuo: 22 mm, 27,5 mm, 34 mm, 43 mm, 49 mm, 60 mm2 tvirtinimo kai\u0161\u010diai: 7\/16&quot; x 3\/4&quot; ir 3\/4&quot; x 3\/4&quot;Rankinis hidraulinis cilindras su \u017earna<\/p>","protected":false},"excerpt":{"rendered":"<p>Hidraulinis \u012frankis skyl\u0117ms daryti 10t 22-60mm<\/p>","protected":false},"featured_media":374201,"comment_status":"open","ping_status":"open","template":"","meta":[],"product_cat":[9718],"product_tag":[9810],"class_list":{"0":"post-406921","1":"product","2":"type-product","3":"status-publish","4":"has-post-thumbnail","6":"product_brand-geko-lenkija","7":"product_cat-skyliu-ismusejai-odai-plastikui-gumai","8":"product_tag-geko-lenkija","10":"first","11":"outofstock","12":"purchasable","13":"product-type-simple"},"jetpack_sharing_enabled":true,"_links":{"self":[{"href":"https:\/\/irankiuzona.lt\/ru\/wp-json\/wp\/v2\/product\/406921","targetHints":{"allow":["GET"]}}],"collection":[{"href":"https:\/\/irankiuzona.lt\/ru\/wp-json\/wp\/v2\/product"}],"about":[{"href":"https:\/\/irankiuzona.lt\/ru\/wp-json\/wp\/v2\/types\/product"}],"replies":[{"embeddable":true,"href":"https:\/\/irankiuzona.lt\/ru\/wp-json\/wp\/v2\/comments?post=406921"}],"version-history":[{"count":1,"href":"https:\/\/irankiuzona.lt\/ru\/wp-json\/wp\/v2\/product\/406921\/revisions"}],"predecessor-version":[{"id":426090,"href":"https:\/\/irankiuzona.lt\/ru\/wp-json\/wp\/v2\/product\/406921\/revisions\/426090"}],"wp:featuredmedia":[{"embeddable":true,"href":"https:\/\/irankiuzona.lt\/ru\/wp-json\/wp\/v2\/media\/374201"}],"wp:attachment":[{"href":"https:\/\/irankiuzona.lt\/ru\/wp-json\/wp\/v2\/media?parent=406921"}],"wp:term":[{"taxonomy":"product_cat","embeddable":true,"href":"https:\/\/irankiuzona.lt\/ru\/wp-json\/wp\/v2\/product_cat?post=406921"},{"taxonomy":"product_tag","embeddable":true,"href":"https:\/\/irankiuzona.lt\/ru\/wp-json\/wp\/v2\/product_tag?post=406921"}],"curies":[{"name":"wp","href":"https:\/\/api.w.org\/{rel}","templated":true}]}}