{"id":406923,"date":"2025-07-15T23:51:07","date_gmt":"2025-07-15T23:51:07","guid":{"rendered":"https:\/\/irankiuzona.lt\/product\/liemene-su-gobtuvu-borger-juodos-sp-l-dydis\/"},"modified":"2026-04-14T11:07:09","modified_gmt":"2026-04-14T11:07:09","slug":"liemene-su-gobtuvu-borger-juodos-sp-l-dydis","status":"publish","type":"product","link":"https:\/\/irankiuzona.lt\/ru\/product\/liemene-su-gobtuvu-borger-juodos-sp-l-dydis\/","title":{"rendered":"Liemen\u0117 su gobtuvu BORGER, juodos sp., L dydis"},"content":{"rendered":"<p>Vyri\u0161ka \u0161ilta BORGER liemen\u0117 yra puikus sprendimas \u0161altomis dienomis. Tvirtas,atsparus dilimui Ripstop audinys. PVC danga u\u017etikrina atsparum\u0105 purvui ir dr\u0117gmei.Nusegamas u\u017etrauktuku \u0161iltas gobtuvas. Malonus ir \u0161velnus fleece audinio pamu\u0161alas per vis\u0105 liemen\u0119.Liemen\u0117s plotis reguliuojamas \u0161onuose esan\u010diomis gumel\u0117mis. Minimalios at\u0161vaitin\u0117s detal\u0117s u\u017etikrinamatomum\u0105 tamsiu paros metu. Prakti\u0161kos ki\u0161en\u0117s padidina liemen\u0117s funkcionalum\u0105.Dvi \u0161onin\u0117s ki\u0161en\u0117s segamos u\u017etrauktuku. Trys ki\u0161en\u0117s kr\u016btin\u0117s srityje, viena j\u0173segama u\u017etrauktuku (puikus variantas mobiliajam telefonui). Viena vidin\u0117 ki\u0161en\u0117 segama Velcro lipduku.Audinys: 100% ripstop poliesteris su PVC danga, pavir\u0161inis tankis &#8211; 200 g\/m\u00b2 \u00b1 5 g\/m\u00b2;pamu\u0161alas &#8211; 100% poliesteris, pa\u0161iltinimas &#8211; 100% poliesteris. Spalvos: juoda.<br \/>\nAudinio sud\u0117tis: vir\u0161us &#8211; 100% ripstop poliesteris su PVC danga; pamu\u0161alas &#8211; 100% poliesteris,pa\u0161iltinimas &#8211; 100% poliesteris<br \/>\nSvoris: vir\u0161us &#8211; 200 g\/m\u00b2 \u00b1 5 g\/m\u00b2, pamu\u0161alas &#8211; 190 g\/m\u00b2, pa\u0161iltinimas &#8211; 250 g\/m\u00b2<br \/>\nSpalva: juoda<\/p>","protected":false},"excerpt":{"rendered":"<p>Liemen\u0117 su gobtuvu BORGER, juodos sp., L dydis<\/p>","protected":false},"featured_media":406925,"comment_status":"open","ping_status":"open","template":"","meta":[],"product_cat":[10003],"product_tag":[9969],"class_list":{"0":"post-406923","1":"product","2":"type-product","3":"status-publish","4":"has-post-thumbnail","6":"product_brand-hogert-technik-vokietija","7":"product_cat-darbines-liemenes","8":"product_tag-hogert-technik-vokietija","10":"first","11":"instock","12":"purchasable","13":"product-type-simple"},"jetpack_sharing_enabled":true,"_links":{"self":[{"href":"https:\/\/irankiuzona.lt\/ru\/wp-json\/wp\/v2\/product\/406923","targetHints":{"allow":["GET"]}}],"collection":[{"href":"https:\/\/irankiuzona.lt\/ru\/wp-json\/wp\/v2\/product"}],"about":[{"href":"https:\/\/irankiuzona.lt\/ru\/wp-json\/wp\/v2\/types\/product"}],"replies":[{"embeddable":true,"href":"https:\/\/irankiuzona.lt\/ru\/wp-json\/wp\/v2\/comments?post=406923"}],"version-history":[{"count":1,"href":"https:\/\/irankiuzona.lt\/ru\/wp-json\/wp\/v2\/product\/406923\/revisions"}],"predecessor-version":[{"id":426234,"href":"https:\/\/irankiuzona.lt\/ru\/wp-json\/wp\/v2\/product\/406923\/revisions\/426234"}],"wp:featuredmedia":[{"embeddable":true,"href":"https:\/\/irankiuzona.lt\/ru\/wp-json\/wp\/v2\/media\/406925"}],"wp:attachment":[{"href":"https:\/\/irankiuzona.lt\/ru\/wp-json\/wp\/v2\/media?parent=406923"}],"wp:term":[{"taxonomy":"product_cat","embeddable":true,"href":"https:\/\/irankiuzona.lt\/ru\/wp-json\/wp\/v2\/product_cat?post=406923"},{"taxonomy":"product_tag","embeddable":true,"href":"https:\/\/irankiuzona.lt\/ru\/wp-json\/wp\/v2\/product_tag?post=406923"}],"curies":[{"name":"wp","href":"https:\/\/api.w.org\/{rel}","templated":true}]}}