{"id":406926,"date":"2025-07-15T23:57:04","date_gmt":"2025-07-15T23:57:04","guid":{"rendered":"https:\/\/irankiuzona.lt\/product\/darbines-sportines-kelnes-su-kisenemis-m-dydis\/"},"modified":"2026-04-14T18:57:23","modified_gmt":"2026-04-14T18:57:23","slug":"darbines-sportines-kelnes-su-kisenemis-m-dydis","status":"publish","type":"product","link":"https:\/\/irankiuzona.lt\/ru\/product\/darbines-sportines-kelnes-su-kisenemis-m-dydis\/","title":{"rendered":"Darbin\u0117s sportin\u0117s keln\u0117s su ki\u0161en\u0117mis,  M dydis"},"content":{"rendered":"<p>Charakteristikos<br \/>\nlabai elastinga med\u017eiaga, u\u017etikrinanti jud\u0117jimo laisv\u0119;tvirto pynimo darbo keln\u0117s;med\u017eiagos svoris 320 g\/m\u00b2;med\u017eiaga: trikota\u017eas 65 % medviln\u0117s, 35 % poliesterio;priekin\u0117s kojos sutvirtintos OXFORD 600D audiniu;naudojami \u0161vies\u0105 atspindintys elementai;<br \/>\n2 \u00d7 nuimamos OXFORD 600Ds \u012franki\u0173 ki\u0161en\u0117s2 \u00d7 vir\u0161utin\u0117s ki\u0161en\u0117s;1 \u00d7 u\u017etraukiama galin\u0117 ki\u0161en\u0117.<\/p>","protected":false},"excerpt":{"rendered":"<p>Darbin\u0117s sportin\u0117s keln\u0117s su ki\u0161en\u0117mis,\u00a0 M dydis<\/p>","protected":false},"featured_media":406928,"comment_status":"open","ping_status":"open","template":"","meta":[],"product_cat":[9992],"product_tag":[9969],"class_list":{"0":"post-406926","1":"product","2":"type-product","3":"status-publish","4":"has-post-thumbnail","6":"product_brand-hogert-technik-vokietija","7":"product_cat-darbines-kelnes","8":"product_tag-hogert-technik-vokietija","10":"first","11":"instock","12":"purchasable","13":"product-type-simple"},"jetpack_sharing_enabled":true,"_links":{"self":[{"href":"https:\/\/irankiuzona.lt\/ru\/wp-json\/wp\/v2\/product\/406926","targetHints":{"allow":["GET"]}}],"collection":[{"href":"https:\/\/irankiuzona.lt\/ru\/wp-json\/wp\/v2\/product"}],"about":[{"href":"https:\/\/irankiuzona.lt\/ru\/wp-json\/wp\/v2\/types\/product"}],"replies":[{"embeddable":true,"href":"https:\/\/irankiuzona.lt\/ru\/wp-json\/wp\/v2\/comments?post=406926"}],"version-history":[{"count":1,"href":"https:\/\/irankiuzona.lt\/ru\/wp-json\/wp\/v2\/product\/406926\/revisions"}],"predecessor-version":[{"id":426628,"href":"https:\/\/irankiuzona.lt\/ru\/wp-json\/wp\/v2\/product\/406926\/revisions\/426628"}],"wp:featuredmedia":[{"embeddable":true,"href":"https:\/\/irankiuzona.lt\/ru\/wp-json\/wp\/v2\/media\/406928"}],"wp:attachment":[{"href":"https:\/\/irankiuzona.lt\/ru\/wp-json\/wp\/v2\/media?parent=406926"}],"wp:term":[{"taxonomy":"product_cat","embeddable":true,"href":"https:\/\/irankiuzona.lt\/ru\/wp-json\/wp\/v2\/product_cat?post=406926"},{"taxonomy":"product_tag","embeddable":true,"href":"https:\/\/irankiuzona.lt\/ru\/wp-json\/wp\/v2\/product_tag?post=406926"}],"curies":[{"name":"wp","href":"https:\/\/api.w.org\/{rel}","templated":true}]}}