{"id":407038,"date":"2025-07-23T16:03:14","date_gmt":"2025-07-23T16:03:14","guid":{"rendered":"https:\/\/irankiuzona.lt\/product\/theo-megztinis-su-gobtuvu-2xl-dydis\/"},"modified":"2026-04-17T05:01:33","modified_gmt":"2026-04-17T05:01:33","slug":"theo-megztinis-su-gobtuvu-2xl-dydis","status":"publish","type":"product","link":"https:\/\/irankiuzona.lt\/ru\/product\/theo-megztinis-su-gobtuvu-2xl-dydis\/","title":{"rendered":"THEO megztinis su gobtuvu  2XL dydis"},"content":{"rendered":"<p>Charakteristikos<br \/>\nmed\u017eiaga: trikota\u017eas 65 % medviln\u0117 35 % poliesteris;320 g\/m\u00b2;gobtuvas: fiksuotas, reguliuojamo auk\u0161\u010dio;apvadai rankovi\u0173 apa\u010dioje ir d\u017eemperio apa\u010dioje;3 ki\u0161en\u0117s:1 u\u017etraukiama ki\u0161en\u0117;1 kr\u016btin\u0117s ki\u0161en\u0117;2 apatin\u0117 ki\u0161en\u0117;Oxford 600D sutvirtinimai ant rankovi\u0173 ir pe\u010di\u0173.<\/p>","protected":false},"excerpt":{"rendered":"<p>THEO megztinis su gobtuvu\u00a0 2XL dydis<\/p>","protected":false},"featured_media":407040,"comment_status":"open","ping_status":"open","template":"","meta":[],"product_cat":[10082],"product_tag":[9969],"class_list":{"0":"post-407038","1":"product","2":"type-product","3":"status-publish","4":"has-post-thumbnail","6":"product_brand-hogert-technik-vokietija","7":"product_cat-darbiniai-dzemperiai","8":"product_tag-hogert-technik-vokietija","10":"first","11":"instock","12":"purchasable","13":"product-type-simple"},"jetpack_sharing_enabled":true,"_links":{"self":[{"href":"https:\/\/irankiuzona.lt\/ru\/wp-json\/wp\/v2\/product\/407038","targetHints":{"allow":["GET"]}}],"collection":[{"href":"https:\/\/irankiuzona.lt\/ru\/wp-json\/wp\/v2\/product"}],"about":[{"href":"https:\/\/irankiuzona.lt\/ru\/wp-json\/wp\/v2\/types\/product"}],"replies":[{"embeddable":true,"href":"https:\/\/irankiuzona.lt\/ru\/wp-json\/wp\/v2\/comments?post=407038"}],"version-history":[{"count":1,"href":"https:\/\/irankiuzona.lt\/ru\/wp-json\/wp\/v2\/product\/407038\/revisions"}],"predecessor-version":[{"id":426634,"href":"https:\/\/irankiuzona.lt\/ru\/wp-json\/wp\/v2\/product\/407038\/revisions\/426634"}],"wp:featuredmedia":[{"embeddable":true,"href":"https:\/\/irankiuzona.lt\/ru\/wp-json\/wp\/v2\/media\/407040"}],"wp:attachment":[{"href":"https:\/\/irankiuzona.lt\/ru\/wp-json\/wp\/v2\/media?parent=407038"}],"wp:term":[{"taxonomy":"product_cat","embeddable":true,"href":"https:\/\/irankiuzona.lt\/ru\/wp-json\/wp\/v2\/product_cat?post=407038"},{"taxonomy":"product_tag","embeddable":true,"href":"https:\/\/irankiuzona.lt\/ru\/wp-json\/wp\/v2\/product_tag?post=407038"}],"curies":[{"name":"wp","href":"https:\/\/api.w.org\/{rel}","templated":true}]}}