{"id":407050,"date":"2025-07-23T16:05:36","date_gmt":"2025-07-23T16:05:36","guid":{"rendered":"https:\/\/irankiuzona.lt\/product\/kede-pasukama-auksta-515x515x730mm\/"},"modified":"2026-04-21T10:42:39","modified_gmt":"2026-04-21T10:42:39","slug":"kede-pasukama-auksta-515x515x730mm","status":"publish","type":"product","link":"https:\/\/irankiuzona.lt\/ru\/product\/kede-pasukama-auksta-515x515x730mm\/","title":{"rendered":"K\u0117d\u0117 pasukama, auk\u0161ta 515x515x730mm"},"content":{"rendered":"<p>Leistina apkrova 113 kg (250 LBS)Gabaritiniai matmenys 515 x 515 x 730 mmK\u0117d\u0117 pasukamaSvoris 5.76 kgPakuot\u0117s matmenys 680 x 510 x 90 mm<\/p>","protected":false},"excerpt":{"rendered":"<p>K\u0117d\u0117 pasukama, auk\u0161ta 515x515x730mm<\/p>","protected":false},"featured_media":407052,"comment_status":"open","ping_status":"open","template":"","meta":[],"product_cat":[9761],"product_tag":[10151],"class_list":{"0":"post-407050","1":"product","2":"type-product","3":"status-publish","4":"has-post-thumbnail","6":"product_brand-lenkija-tiekejas","7":"product_cat-mechaniko-gultai-kedutes","8":"product_tag-lenkija-tiekejas","10":"first","11":"instock","12":"purchasable","13":"product-type-simple"},"jetpack_sharing_enabled":true,"_links":{"self":[{"href":"https:\/\/irankiuzona.lt\/ru\/wp-json\/wp\/v2\/product\/407050","targetHints":{"allow":["GET"]}}],"collection":[{"href":"https:\/\/irankiuzona.lt\/ru\/wp-json\/wp\/v2\/product"}],"about":[{"href":"https:\/\/irankiuzona.lt\/ru\/wp-json\/wp\/v2\/types\/product"}],"replies":[{"embeddable":true,"href":"https:\/\/irankiuzona.lt\/ru\/wp-json\/wp\/v2\/comments?post=407050"}],"version-history":[{"count":1,"href":"https:\/\/irankiuzona.lt\/ru\/wp-json\/wp\/v2\/product\/407050\/revisions"}],"predecessor-version":[{"id":426734,"href":"https:\/\/irankiuzona.lt\/ru\/wp-json\/wp\/v2\/product\/407050\/revisions\/426734"}],"wp:featuredmedia":[{"embeddable":true,"href":"https:\/\/irankiuzona.lt\/ru\/wp-json\/wp\/v2\/media\/407052"}],"wp:attachment":[{"href":"https:\/\/irankiuzona.lt\/ru\/wp-json\/wp\/v2\/media?parent=407050"}],"wp:term":[{"taxonomy":"product_cat","embeddable":true,"href":"https:\/\/irankiuzona.lt\/ru\/wp-json\/wp\/v2\/product_cat?post=407050"},{"taxonomy":"product_tag","embeddable":true,"href":"https:\/\/irankiuzona.lt\/ru\/wp-json\/wp\/v2\/product_tag?post=407050"}],"curies":[{"name":"wp","href":"https:\/\/api.w.org\/{rel}","templated":true}]}}