{"id":407053,"date":"2025-07-23T16:06:46","date_gmt":"2025-07-23T16:06:46","guid":{"rendered":"https:\/\/irankiuzona.lt\/product\/ikraunama-led-lempa-250lm\/"},"modified":"2026-04-17T05:02:00","modified_gmt":"2026-04-17T05:02:00","slug":"ikraunama-led-lempa-250lm","status":"publish","type":"product","link":"https:\/\/irankiuzona.lt\/ru\/product\/ikraunama-led-lempa-250lm\/","title":{"rendered":"\u012ekraunama LED lempa 250lm"},"content":{"rendered":"<p>1. SMD \/ 100 lm \/ 5 val.2. Silpna COB \/ 100 lm \/ 5 val.3. Galinga COB \/ 250 lm \/ 1,5 val.4. Stiprinamoji \/ 500 lm \/ 30 s.5. Raudona \/ &#8211; \/ 10 val.SMD ir COB \u0161viesos spalvos: 5000\u20136500 K.Baterijos talpa: 3,7 V, 350 mAh.\u012ekrovimo laikas: 3 val.\u012ekrovimas: USB-C laidas, \u012ftrauktas \u012f komplekt\u0105.<\/p>","protected":false},"excerpt":{"rendered":"<p>\u012ekraunama LED lempa 250lm<\/p>","protected":false},"featured_media":407055,"comment_status":"open","ping_status":"open","template":"","meta":[],"product_cat":[9854],"product_tag":[9969],"class_list":{"0":"post-407053","1":"product","2":"type-product","3":"status-publish","4":"has-post-thumbnail","6":"product_brand-hogert-technik-vokietija","7":"product_cat-lempos-ikraunamos","8":"product_tag-hogert-technik-vokietija","10":"first","11":"instock","12":"purchasable","13":"product-type-simple"},"jetpack_sharing_enabled":true,"_links":{"self":[{"href":"https:\/\/irankiuzona.lt\/ru\/wp-json\/wp\/v2\/product\/407053","targetHints":{"allow":["GET"]}}],"collection":[{"href":"https:\/\/irankiuzona.lt\/ru\/wp-json\/wp\/v2\/product"}],"about":[{"href":"https:\/\/irankiuzona.lt\/ru\/wp-json\/wp\/v2\/types\/product"}],"replies":[{"embeddable":true,"href":"https:\/\/irankiuzona.lt\/ru\/wp-json\/wp\/v2\/comments?post=407053"}],"version-history":[{"count":1,"href":"https:\/\/irankiuzona.lt\/ru\/wp-json\/wp\/v2\/product\/407053\/revisions"}],"predecessor-version":[{"id":426791,"href":"https:\/\/irankiuzona.lt\/ru\/wp-json\/wp\/v2\/product\/407053\/revisions\/426791"}],"wp:featuredmedia":[{"embeddable":true,"href":"https:\/\/irankiuzona.lt\/ru\/wp-json\/wp\/v2\/media\/407055"}],"wp:attachment":[{"href":"https:\/\/irankiuzona.lt\/ru\/wp-json\/wp\/v2\/media?parent=407053"}],"wp:term":[{"taxonomy":"product_cat","embeddable":true,"href":"https:\/\/irankiuzona.lt\/ru\/wp-json\/wp\/v2\/product_cat?post=407053"},{"taxonomy":"product_tag","embeddable":true,"href":"https:\/\/irankiuzona.lt\/ru\/wp-json\/wp\/v2\/product_tag?post=407053"}],"curies":[{"name":"wp","href":"https:\/\/api.w.org\/{rel}","templated":true}]}}