{"id":407056,"date":"2025-07-23T16:06:49","date_gmt":"2025-07-23T16:06:49","guid":{"rendered":"https:\/\/irankiuzona.lt\/product\/ikraunamas-led-zibintuvelis-lempa\/"},"modified":"2026-04-21T20:10:00","modified_gmt":"2026-04-21T20:10:00","slug":"ikraunamas-led-zibintuvelis-lempa","status":"publish","type":"product","link":"https:\/\/irankiuzona.lt\/ru\/product\/ikraunamas-led-zibintuvelis-lempa\/","title":{"rendered":"\u012ekraunamas LED \u017eibintuv\u0117lis (lempa)"},"content":{"rendered":"<p>\u0160viesos re\u017eimai \/ \u0161viesos srautas \/ veikimo laikas:1. \u0161alta spalva maks. \/ 580 lm \/ 1\u20131,5 val.2. \u0161alta spalva vidutin\u0117 \/ 270 lm \/ 2\u20132,5 val.3. \u0161ilta spalva maks. \/ 400 lm \/ 1,5 val.4. \u0161ilta spalva vidutin\u0117 \/ 130 lm \/ 3,5\u20134 val.5. nepertraukiama raudona \/ &#8211; \/ 6 val.6. mirksinti raudona \/ &#8211; \/ 6 val.7. intensyvi \/ 900 lm \/ 0,5 val.Akumuliatoriaus talpa 500 mAh.\u012ekrovimo laikas: 3 val.\u012ekrovimas: USB-C laidas, \u012ftrauktas \u012f komplekt\u0105.Korpuso med\u017eiaga: ABS + aliuminis + PC.Svoris: 39 g.Matmenys: 43 x 20 x 59 mm<\/p>","protected":false},"excerpt":{"rendered":"<p>\u012ekraunamas LED \u017eibintuv\u0117lis (lempa)<\/p>","protected":false},"featured_media":407058,"comment_status":"open","ping_status":"open","template":"","meta":[],"product_cat":[9854],"product_tag":[9969],"class_list":{"0":"post-407056","1":"product","2":"type-product","3":"status-publish","4":"has-post-thumbnail","6":"product_brand-hogert-technik-vokietija","7":"product_cat-lempos-ikraunamos","8":"product_tag-hogert-technik-vokietija","10":"first","11":"instock","12":"purchasable","13":"product-type-simple"},"jetpack_sharing_enabled":true,"_links":{"self":[{"href":"https:\/\/irankiuzona.lt\/ru\/wp-json\/wp\/v2\/product\/407056","targetHints":{"allow":["GET"]}}],"collection":[{"href":"https:\/\/irankiuzona.lt\/ru\/wp-json\/wp\/v2\/product"}],"about":[{"href":"https:\/\/irankiuzona.lt\/ru\/wp-json\/wp\/v2\/types\/product"}],"replies":[{"embeddable":true,"href":"https:\/\/irankiuzona.lt\/ru\/wp-json\/wp\/v2\/comments?post=407056"}],"version-history":[{"count":1,"href":"https:\/\/irankiuzona.lt\/ru\/wp-json\/wp\/v2\/product\/407056\/revisions"}],"predecessor-version":[{"id":426792,"href":"https:\/\/irankiuzona.lt\/ru\/wp-json\/wp\/v2\/product\/407056\/revisions\/426792"}],"wp:featuredmedia":[{"embeddable":true,"href":"https:\/\/irankiuzona.lt\/ru\/wp-json\/wp\/v2\/media\/407058"}],"wp:attachment":[{"href":"https:\/\/irankiuzona.lt\/ru\/wp-json\/wp\/v2\/media?parent=407056"}],"wp:term":[{"taxonomy":"product_cat","embeddable":true,"href":"https:\/\/irankiuzona.lt\/ru\/wp-json\/wp\/v2\/product_cat?post=407056"},{"taxonomy":"product_tag","embeddable":true,"href":"https:\/\/irankiuzona.lt\/ru\/wp-json\/wp\/v2\/product_tag?post=407056"}],"curies":[{"name":"wp","href":"https:\/\/api.w.org\/{rel}","templated":true}]}}