{"id":407071,"date":"2025-07-23T16:07:23","date_gmt":"2025-07-23T16:07:23","guid":{"rendered":"https:\/\/irankiuzona.lt\/product\/guoliu-nuemejai-su-atbuliniu-plaktuku-15-80mm-5vnt\/"},"modified":"2026-04-03T20:43:48","modified_gmt":"2026-04-03T20:43:48","slug":"guoliu-nuemejai-su-atbuliniu-plaktuku-15-80mm-5vnt","status":"publish","type":"product","link":"https:\/\/irankiuzona.lt\/ru\/product\/guoliu-nuemejai-su-atbuliniu-plaktuku-15-80mm-5vnt\/","title":{"rendered":"Guoli\u0173 nu\u0117m\u0117jai su atbuliniu plaktuku 15-80mm 5vnt."},"content":{"rendered":"<p>Komplekt\u0105 sudaro du vidinio tipo i\u0161traukikliai, kuri\u0173 skersmuo yra 15\u201330 ir 30\u201380 mm, ir vienas i\u0161orinio tipo i\u0161traukiklis, kurio skersmuo yra 15\u201380 mm.<\/p>","protected":false},"excerpt":{"rendered":"<p>Guoli\u0173 nu\u0117m\u0117jai su atbuliniu plaktuku 15-80mm 5vnt.<\/p>","protected":false},"featured_media":407073,"comment_status":"open","ping_status":"open","template":"","meta":[],"product_cat":[9770],"product_tag":[9898],"class_list":{"0":"post-407071","1":"product","2":"type-product","3":"status-publish","4":"has-post-thumbnail","6":"product_brand-avtodelo","7":"product_cat-guoliu-nuemimo-komplektai","8":"product_tag-avtodelo","10":"first","11":"instock","12":"purchasable","13":"product-type-simple"},"jetpack_sharing_enabled":true,"_links":{"self":[{"href":"https:\/\/irankiuzona.lt\/ru\/wp-json\/wp\/v2\/product\/407071","targetHints":{"allow":["GET"]}}],"collection":[{"href":"https:\/\/irankiuzona.lt\/ru\/wp-json\/wp\/v2\/product"}],"about":[{"href":"https:\/\/irankiuzona.lt\/ru\/wp-json\/wp\/v2\/types\/product"}],"replies":[{"embeddable":true,"href":"https:\/\/irankiuzona.lt\/ru\/wp-json\/wp\/v2\/comments?post=407071"}],"version-history":[{"count":0,"href":"https:\/\/irankiuzona.lt\/ru\/wp-json\/wp\/v2\/product\/407071\/revisions"}],"wp:featuredmedia":[{"embeddable":true,"href":"https:\/\/irankiuzona.lt\/ru\/wp-json\/wp\/v2\/media\/407073"}],"wp:attachment":[{"href":"https:\/\/irankiuzona.lt\/ru\/wp-json\/wp\/v2\/media?parent=407071"}],"wp:term":[{"taxonomy":"product_cat","embeddable":true,"href":"https:\/\/irankiuzona.lt\/ru\/wp-json\/wp\/v2\/product_cat?post=407071"},{"taxonomy":"product_tag","embeddable":true,"href":"https:\/\/irankiuzona.lt\/ru\/wp-json\/wp\/v2\/product_tag?post=407071"}],"curies":[{"name":"wp","href":"https:\/\/api.w.org\/{rel}","templated":true}]}}