{"id":407074,"date":"2025-07-23T16:07:24","date_gmt":"2025-07-23T16:07:24","guid":{"rendered":"https:\/\/irankiuzona.lt\/product\/smeigiu-issukejas-12mm-2\/"},"modified":"2026-04-03T20:43:48","modified_gmt":"2026-04-03T20:43:48","slug":"smeigiu-issukejas-12mm-2","status":"publish","type":"product","link":"https:\/\/irankiuzona.lt\/ru\/product\/smeigiu-issukejas-12mm-2\/","title":{"rendered":"Smeigi\u0173 i\u0161suk\u0117jas 12mm"},"content":{"rendered":"<p>Lizdas 1\/2 arba 21mm \u0161e\u0161iakampis (sukimui su galvute arba raktu)<\/p>","protected":false},"excerpt":{"rendered":"<p>Smeigi\u0173 i\u0161suk\u0117jas 12mm<\/p>","protected":false},"featured_media":407076,"comment_status":"open","ping_status":"open","template":"","meta":[],"product_cat":[9750],"product_tag":[9898],"class_list":{"0":"post-407074","1":"product","2":"type-product","3":"status-publish","4":"has-post-thumbnail","6":"product_brand-avtodelo","7":"product_cat-smeigiu-spilku-issukejai","8":"product_tag-avtodelo","10":"first","11":"instock","12":"purchasable","13":"product-type-simple"},"jetpack_sharing_enabled":true,"_links":{"self":[{"href":"https:\/\/irankiuzona.lt\/ru\/wp-json\/wp\/v2\/product\/407074","targetHints":{"allow":["GET"]}}],"collection":[{"href":"https:\/\/irankiuzona.lt\/ru\/wp-json\/wp\/v2\/product"}],"about":[{"href":"https:\/\/irankiuzona.lt\/ru\/wp-json\/wp\/v2\/types\/product"}],"replies":[{"embeddable":true,"href":"https:\/\/irankiuzona.lt\/ru\/wp-json\/wp\/v2\/comments?post=407074"}],"version-history":[{"count":0,"href":"https:\/\/irankiuzona.lt\/ru\/wp-json\/wp\/v2\/product\/407074\/revisions"}],"wp:featuredmedia":[{"embeddable":true,"href":"https:\/\/irankiuzona.lt\/ru\/wp-json\/wp\/v2\/media\/407076"}],"wp:attachment":[{"href":"https:\/\/irankiuzona.lt\/ru\/wp-json\/wp\/v2\/media?parent=407074"}],"wp:term":[{"taxonomy":"product_cat","embeddable":true,"href":"https:\/\/irankiuzona.lt\/ru\/wp-json\/wp\/v2\/product_cat?post=407074"},{"taxonomy":"product_tag","embeddable":true,"href":"https:\/\/irankiuzona.lt\/ru\/wp-json\/wp\/v2\/product_tag?post=407074"}],"curies":[{"name":"wp","href":"https:\/\/api.w.org\/{rel}","templated":true}]}}