{"id":407092,"date":"2025-07-23T16:07:37","date_gmt":"2025-07-23T16:07:37","guid":{"rendered":"https:\/\/irankiuzona.lt\/product\/varztas-asis-su-guoliais-ir-verzlemis-m18x1-5\/"},"modified":"2026-04-22T08:23:05","modified_gmt":"2026-04-22T08:23:05","slug":"varztas-asis-su-guoliais-ir-verzlemis-m18x1-5","status":"publish","type":"product","link":"https:\/\/irankiuzona.lt\/ru\/product\/varztas-asis-su-guoliais-ir-verzlemis-m18x1-5\/","title":{"rendered":"Var\u017etas, a\u0161is su guoliais ir ver\u017el\u0117mis M18x1.5"},"content":{"rendered":"<p>M18x1.5<\/p>","protected":false},"excerpt":{"rendered":"<p>Var\u017etas, a\u0161is su guoliais ir ver\u017el\u0117mis M18x1.5<\/p>","protected":false},"featured_media":407094,"comment_status":"open","ping_status":"open","template":"","meta":[],"product_cat":[9731],"product_tag":[10151],"class_list":{"0":"post-407092","1":"product","2":"type-product","3":"status-publish","4":"has-post-thumbnail","6":"product_brand-lenkija-tiekejas","7":"product_cat-guoliu-sailentbloku-presavimo-irankiai","8":"product_tag-lenkija-tiekejas","10":"first","11":"instock","12":"purchasable","13":"product-type-simple"},"jetpack_sharing_enabled":true,"_links":{"self":[{"href":"https:\/\/irankiuzona.lt\/ru\/wp-json\/wp\/v2\/product\/407092","targetHints":{"allow":["GET"]}}],"collection":[{"href":"https:\/\/irankiuzona.lt\/ru\/wp-json\/wp\/v2\/product"}],"about":[{"href":"https:\/\/irankiuzona.lt\/ru\/wp-json\/wp\/v2\/types\/product"}],"replies":[{"embeddable":true,"href":"https:\/\/irankiuzona.lt\/ru\/wp-json\/wp\/v2\/comments?post=407092"}],"version-history":[{"count":1,"href":"https:\/\/irankiuzona.lt\/ru\/wp-json\/wp\/v2\/product\/407092\/revisions"}],"predecessor-version":[{"id":426829,"href":"https:\/\/irankiuzona.lt\/ru\/wp-json\/wp\/v2\/product\/407092\/revisions\/426829"}],"wp:featuredmedia":[{"embeddable":true,"href":"https:\/\/irankiuzona.lt\/ru\/wp-json\/wp\/v2\/media\/407094"}],"wp:attachment":[{"href":"https:\/\/irankiuzona.lt\/ru\/wp-json\/wp\/v2\/media?parent=407092"}],"wp:term":[{"taxonomy":"product_cat","embeddable":true,"href":"https:\/\/irankiuzona.lt\/ru\/wp-json\/wp\/v2\/product_cat?post=407092"},{"taxonomy":"product_tag","embeddable":true,"href":"https:\/\/irankiuzona.lt\/ru\/wp-json\/wp\/v2\/product_tag?post=407092"}],"curies":[{"name":"wp","href":"https:\/\/api.w.org\/{rel}","templated":true}]}}