{"id":407095,"date":"2025-07-23T16:07:39","date_gmt":"2025-07-23T16:07:39","guid":{"rendered":"https:\/\/irankiuzona.lt\/product\/irankiai-stabdziu-vamzdeliu-uzspaudimui-2vnt\/"},"modified":"2026-04-22T14:16:35","modified_gmt":"2026-04-22T14:16:35","slug":"irankiai-stabdziu-vamzdeliu-uzspaudimui-2vnt","status":"publish","type":"product","link":"https:\/\/irankiuzona.lt\/ru\/product\/irankiai-stabdziu-vamzdeliu-uzspaudimui-2vnt\/","title":{"rendered":"\u012erankiai stabd\u017ei\u0173 vamzdeli\u0173 u\u017espaudimui 2vnt."},"content":{"rendered":"<p>Tinka 3\/16 colio (4,75 mm) arba 1\/4 colio (6,3 mm) dengtiems plieniniams, variniams ir plastikiniams stabd\u017ei\u0173 vamzd\u017eiams.Darbinis ilgis: 25 mm.<\/p>","protected":false},"excerpt":{"rendered":"<p>\u012erankiai stabd\u017ei\u0173 vamzdeli\u0173 u\u017espaudimui 2vnt.<\/p>","protected":false},"featured_media":407097,"comment_status":"open","ping_status":"open","template":"","meta":[],"product_cat":[9534],"product_tag":[10151],"class_list":{"0":"post-407095","1":"product","2":"type-product","3":"status-publish","4":"has-post-thumbnail","6":"product_brand-lenkija-tiekejas","7":"product_cat-stabdziu-remonto-nuorinimo-irankiai","8":"product_tag-lenkija-tiekejas","10":"first","11":"instock","12":"purchasable","13":"product-type-simple"},"jetpack_sharing_enabled":true,"_links":{"self":[{"href":"https:\/\/irankiuzona.lt\/ru\/wp-json\/wp\/v2\/product\/407095","targetHints":{"allow":["GET"]}}],"collection":[{"href":"https:\/\/irankiuzona.lt\/ru\/wp-json\/wp\/v2\/product"}],"about":[{"href":"https:\/\/irankiuzona.lt\/ru\/wp-json\/wp\/v2\/types\/product"}],"replies":[{"embeddable":true,"href":"https:\/\/irankiuzona.lt\/ru\/wp-json\/wp\/v2\/comments?post=407095"}],"version-history":[{"count":1,"href":"https:\/\/irankiuzona.lt\/ru\/wp-json\/wp\/v2\/product\/407095\/revisions"}],"predecessor-version":[{"id":426830,"href":"https:\/\/irankiuzona.lt\/ru\/wp-json\/wp\/v2\/product\/407095\/revisions\/426830"}],"wp:featuredmedia":[{"embeddable":true,"href":"https:\/\/irankiuzona.lt\/ru\/wp-json\/wp\/v2\/media\/407097"}],"wp:attachment":[{"href":"https:\/\/irankiuzona.lt\/ru\/wp-json\/wp\/v2\/media?parent=407095"}],"wp:term":[{"taxonomy":"product_cat","embeddable":true,"href":"https:\/\/irankiuzona.lt\/ru\/wp-json\/wp\/v2\/product_cat?post=407095"},{"taxonomy":"product_tag","embeddable":true,"href":"https:\/\/irankiuzona.lt\/ru\/wp-json\/wp\/v2\/product_tag?post=407095"}],"curies":[{"name":"wp","href":"https:\/\/api.w.org\/{rel}","templated":true}]}}