{"id":407113,"date":"2025-07-23T16:08:19","date_gmt":"2025-07-23T16:08:19","guid":{"rendered":"https:\/\/irankiuzona.lt\/product\/plyteliu-lauzymo-irankis-6-10mm\/"},"modified":"2026-04-15T18:04:39","modified_gmt":"2026-04-15T18:04:39","slug":"plyteliu-lauzymo-irankis-6-10mm","status":"publish","type":"product","link":"https:\/\/irankiuzona.lt\/ru\/product\/plyteliu-lauzymo-irankis-6-10mm\/","title":{"rendered":"Plyteli\u0173 lau\u017eymo \u012frankis 6-10mm"},"content":{"rendered":"<p>Skirtas nuo 6 mm iki 10 mm storio plytel\u0117ms. Pagamintas i\u0161 patvari\u0173 med\u017eiag\u0173.Konstrukcija leid\u017eia lengvai, palaipsniui ir tiksliai lau\u017eyti.<\/p>","protected":false},"excerpt":{"rendered":"<p>Plyteli\u0173 lau\u017eymo \u012frankis 6-10mm<\/p>","protected":false},"featured_media":407115,"comment_status":"open","ping_status":"open","template":"","meta":[],"product_cat":[9455],"product_tag":[9969],"class_list":{"0":"post-407113","1":"product","2":"type-product","3":"status-publish","4":"has-post-thumbnail","6":"product_brand-hogert-technik-vokietija","7":"product_cat-irankiai-plytelems-stiklui-laminatui","8":"product_tag-hogert-technik-vokietija","10":"first","11":"instock","12":"purchasable","13":"product-type-simple"},"jetpack_sharing_enabled":true,"_links":{"self":[{"href":"https:\/\/irankiuzona.lt\/ru\/wp-json\/wp\/v2\/product\/407113","targetHints":{"allow":["GET"]}}],"collection":[{"href":"https:\/\/irankiuzona.lt\/ru\/wp-json\/wp\/v2\/product"}],"about":[{"href":"https:\/\/irankiuzona.lt\/ru\/wp-json\/wp\/v2\/types\/product"}],"replies":[{"embeddable":true,"href":"https:\/\/irankiuzona.lt\/ru\/wp-json\/wp\/v2\/comments?post=407113"}],"version-history":[{"count":1,"href":"https:\/\/irankiuzona.lt\/ru\/wp-json\/wp\/v2\/product\/407113\/revisions"}],"predecessor-version":[{"id":426855,"href":"https:\/\/irankiuzona.lt\/ru\/wp-json\/wp\/v2\/product\/407113\/revisions\/426855"}],"wp:featuredmedia":[{"embeddable":true,"href":"https:\/\/irankiuzona.lt\/ru\/wp-json\/wp\/v2\/media\/407115"}],"wp:attachment":[{"href":"https:\/\/irankiuzona.lt\/ru\/wp-json\/wp\/v2\/media?parent=407113"}],"wp:term":[{"taxonomy":"product_cat","embeddable":true,"href":"https:\/\/irankiuzona.lt\/ru\/wp-json\/wp\/v2\/product_cat?post=407113"},{"taxonomy":"product_tag","embeddable":true,"href":"https:\/\/irankiuzona.lt\/ru\/wp-json\/wp\/v2\/product_tag?post=407113"}],"curies":[{"name":"wp","href":"https:\/\/api.w.org\/{rel}","templated":true}]}}