{"id":407116,"date":"2025-07-23T16:08:22","date_gmt":"2025-07-23T16:08:22","guid":{"rendered":"https:\/\/irankiuzona.lt\/product\/auksto-slegio-plovykla-120bar\/"},"modified":"2026-04-15T17:07:54","modified_gmt":"2026-04-15T17:07:54","slug":"auksto-slegio-plovykla-120bar","status":"publish","type":"product","link":"https:\/\/irankiuzona.lt\/ru\/product\/auksto-slegio-plovykla-120bar\/","title":{"rendered":"Auk\u0161to sl\u0117gio plovykla 120bar"},"content":{"rendered":"<p>Variklio galia: 1500 W; maksimalus sl\u0117gis: 120 bar; vandens srautas: 420 l\/h; siurblio korpuso med\u017eiaga &#8211; aliuminis;Variklio apvij\u0173 med\u017eiaga &#8211; varis: atsparumas vandeniui &#8211; IPX5; pridedami papildomi priedai:1. pur\u0161kimo pistoletas,2. antgalis,3. auk\u0161to sl\u0117gio \u017earna (5 m),4. vandens filtras,5. ploviklio indas (250 ml),6. ma\u017eas \u0161epetys terasoms.<\/p>","protected":false},"excerpt":{"rendered":"<p>Auk\u0161to sl\u0117gio plovykla 120bar<\/p>","protected":false},"featured_media":407118,"comment_status":"open","ping_status":"open","template":"","meta":[],"product_cat":[9697],"product_tag":[9969],"class_list":{"0":"post-407116","1":"product","2":"type-product","3":"status-publish","4":"has-post-thumbnail","6":"product_brand-hogert-technik-vokietija","7":"product_cat-aksesuarai-automobiliams","8":"product_tag-hogert-technik-vokietija","10":"first","11":"instock","12":"purchasable","13":"product-type-simple"},"jetpack_sharing_enabled":true,"_links":{"self":[{"href":"https:\/\/irankiuzona.lt\/ru\/wp-json\/wp\/v2\/product\/407116","targetHints":{"allow":["GET"]}}],"collection":[{"href":"https:\/\/irankiuzona.lt\/ru\/wp-json\/wp\/v2\/product"}],"about":[{"href":"https:\/\/irankiuzona.lt\/ru\/wp-json\/wp\/v2\/types\/product"}],"replies":[{"embeddable":true,"href":"https:\/\/irankiuzona.lt\/ru\/wp-json\/wp\/v2\/comments?post=407116"}],"version-history":[{"count":1,"href":"https:\/\/irankiuzona.lt\/ru\/wp-json\/wp\/v2\/product\/407116\/revisions"}],"predecessor-version":[{"id":426856,"href":"https:\/\/irankiuzona.lt\/ru\/wp-json\/wp\/v2\/product\/407116\/revisions\/426856"}],"wp:featuredmedia":[{"embeddable":true,"href":"https:\/\/irankiuzona.lt\/ru\/wp-json\/wp\/v2\/media\/407118"}],"wp:attachment":[{"href":"https:\/\/irankiuzona.lt\/ru\/wp-json\/wp\/v2\/media?parent=407116"}],"wp:term":[{"taxonomy":"product_cat","embeddable":true,"href":"https:\/\/irankiuzona.lt\/ru\/wp-json\/wp\/v2\/product_cat?post=407116"},{"taxonomy":"product_tag","embeddable":true,"href":"https:\/\/irankiuzona.lt\/ru\/wp-json\/wp\/v2\/product_tag?post=407116"}],"curies":[{"name":"wp","href":"https:\/\/api.w.org\/{rel}","templated":true}]}}