{"id":407122,"date":"2025-07-23T16:08:27","date_gmt":"2025-07-23T16:08:27","guid":{"rendered":"https:\/\/irankiuzona.lt\/product\/pramoninis-dulkiu-siurblys-30l-su-nupurtymu\/"},"modified":"2026-05-14T19:56:34","modified_gmt":"2026-05-14T19:56:34","slug":"pramoninis-dulkiu-siurblys-30l-su-nupurtymu","status":"publish","type":"product","link":"https:\/\/irankiuzona.lt\/ru\/product\/pramoninis-dulkiu-siurblys-30l-su-nupurtymu\/","title":{"rendered":"Pramoninis dulki\u0173 siurblys 30L su nupurtymu"},"content":{"rendered":"<p>Veikimo b\u016bdas \u2013 sausas, \u0161lapias, su mai\u0161eliu, be mai\u0161elioPapildomos funkcijos \u2013 automatinis valymas, kratytuvasGalia \u2013 2000 W\u012etampa \u2013 230 VAudinio mai\u0161elio talpa \u2013 30 lHEPA filtrasRatai \u2013 yra, su stabd\u017eiaisOro srautas \u2013 2,1 m\u00b3\/minSiurbimo \u017earnos ilgis \u2013 2 mMaitinimo laido ilgis \u2013 4 mSvoris \u2013 14 kg su priedais<\/p>","protected":false},"excerpt":{"rendered":"<p>Pramoninis dulki\u0173 siurblys 30L su nupurtymu<\/p>","protected":false},"featured_media":407124,"comment_status":"open","ping_status":"open","template":"","meta":[],"product_cat":[9955],"product_tag":[9969],"class_list":{"0":"post-407122","1":"product","2":"type-product","3":"status-publish","4":"has-post-thumbnail","6":"product_brand-hogert-technik-vokietija","7":"product_cat-dulkiu-siurbliai","8":"product_tag-hogert-technik-vokietija","10":"first","11":"instock","12":"purchasable","13":"product-type-simple"},"jetpack_sharing_enabled":true,"_links":{"self":[{"href":"https:\/\/irankiuzona.lt\/ru\/wp-json\/wp\/v2\/product\/407122","targetHints":{"allow":["GET"]}}],"collection":[{"href":"https:\/\/irankiuzona.lt\/ru\/wp-json\/wp\/v2\/product"}],"about":[{"href":"https:\/\/irankiuzona.lt\/ru\/wp-json\/wp\/v2\/types\/product"}],"replies":[{"embeddable":true,"href":"https:\/\/irankiuzona.lt\/ru\/wp-json\/wp\/v2\/comments?post=407122"}],"version-history":[{"count":1,"href":"https:\/\/irankiuzona.lt\/ru\/wp-json\/wp\/v2\/product\/407122\/revisions"}],"predecessor-version":[{"id":426858,"href":"https:\/\/irankiuzona.lt\/ru\/wp-json\/wp\/v2\/product\/407122\/revisions\/426858"}],"wp:featuredmedia":[{"embeddable":true,"href":"https:\/\/irankiuzona.lt\/ru\/wp-json\/wp\/v2\/media\/407124"}],"wp:attachment":[{"href":"https:\/\/irankiuzona.lt\/ru\/wp-json\/wp\/v2\/media?parent=407122"}],"wp:term":[{"taxonomy":"product_cat","embeddable":true,"href":"https:\/\/irankiuzona.lt\/ru\/wp-json\/wp\/v2\/product_cat?post=407122"},{"taxonomy":"product_tag","embeddable":true,"href":"https:\/\/irankiuzona.lt\/ru\/wp-json\/wp\/v2\/product_tag?post=407122"}],"curies":[{"name":"wp","href":"https:\/\/api.w.org\/{rel}","templated":true}]}}