{"id":407203,"date":"2025-07-23T16:09:32","date_gmt":"2025-07-23T16:09:32","guid":{"rendered":"https:\/\/irankiuzona.lt\/product\/atsuktuvas-terkslinis-su-antgaliais-43vnt\/"},"modified":"2026-05-09T18:41:40","modified_gmt":"2026-05-09T18:41:40","slug":"atsuktuvas-terkslinis-su-antgaliais-43vnt","status":"publish","type":"product","link":"https:\/\/irankiuzona.lt\/ru\/product\/atsuktuvas-terkslinis-su-antgaliais-43vnt\/","title":{"rendered":"Atsuktuvas terk\u0161linis su antgaliais 43vnt."},"content":{"rendered":"<p>40 antgali\u0173: \u012evair\u016bs antgali\u0173 tipai darbui su var\u017etais, lengvai pritvirtinami laikiklyje.<\/p>","protected":false},"excerpt":{"rendered":"<p>Atsuktuvas terk\u0161linis su antgaliais 43vnt.<\/p>","protected":false},"featured_media":407205,"comment_status":"open","ping_status":"open","template":"","meta":[],"product_cat":[9558],"product_tag":[10148],"class_list":{"0":"post-407203","1":"product","2":"type-product","3":"status-publish","4":"has-post-thumbnail","6":"product_brand-scheppach","7":"product_cat-antgaliuku-rinkiniai-atsuktuvams-bitukai-63mm","8":"product_tag-scheppach","10":"first","11":"instock","12":"purchasable","13":"product-type-simple"},"jetpack_sharing_enabled":true,"_links":{"self":[{"href":"https:\/\/irankiuzona.lt\/ru\/wp-json\/wp\/v2\/product\/407203","targetHints":{"allow":["GET"]}}],"collection":[{"href":"https:\/\/irankiuzona.lt\/ru\/wp-json\/wp\/v2\/product"}],"about":[{"href":"https:\/\/irankiuzona.lt\/ru\/wp-json\/wp\/v2\/types\/product"}],"replies":[{"embeddable":true,"href":"https:\/\/irankiuzona.lt\/ru\/wp-json\/wp\/v2\/comments?post=407203"}],"version-history":[{"count":1,"href":"https:\/\/irankiuzona.lt\/ru\/wp-json\/wp\/v2\/product\/407203\/revisions"}],"predecessor-version":[{"id":426887,"href":"https:\/\/irankiuzona.lt\/ru\/wp-json\/wp\/v2\/product\/407203\/revisions\/426887"}],"wp:featuredmedia":[{"embeddable":true,"href":"https:\/\/irankiuzona.lt\/ru\/wp-json\/wp\/v2\/media\/407205"}],"wp:attachment":[{"href":"https:\/\/irankiuzona.lt\/ru\/wp-json\/wp\/v2\/media?parent=407203"}],"wp:term":[{"taxonomy":"product_cat","embeddable":true,"href":"https:\/\/irankiuzona.lt\/ru\/wp-json\/wp\/v2\/product_cat?post=407203"},{"taxonomy":"product_tag","embeddable":true,"href":"https:\/\/irankiuzona.lt\/ru\/wp-json\/wp\/v2\/product_tag?post=407203"}],"curies":[{"name":"wp","href":"https:\/\/api.w.org\/{rel}","templated":true}]}}