{"id":407206,"date":"2025-07-23T16:09:34","date_gmt":"2025-07-23T16:09:34","guid":{"rendered":"https:\/\/irankiuzona.lt\/product\/jcb-domkratas-hidraulinis-4ton-96-595mm\/"},"modified":"2026-05-09T04:24:24","modified_gmt":"2026-05-09T04:24:24","slug":"jcb-domkratas-hidraulinis-4ton-96-595mm","status":"publish","type":"product","link":"https:\/\/irankiuzona.lt\/ru\/product\/jcb-domkratas-hidraulinis-4ton-96-595mm\/","title":{"rendered":"JCB Domkratas hidraulinis 4Ton 96-595mm"},"content":{"rendered":"<p>Privalumai:<br \/>\nGalima dirbti prie-20 \u00b0C temperat\u016brosPatogus ried\u0117jimas po pagrindu naudojant ratus;Nuimama rankena, kad b\u016bt\u0173 galima skland\u017eiai kelti su minimaliomis pastangomisDomkratas yra optimalus automobili\u0173 servisams ir padang\u0173 centrams.Domkrato elementai pagaminti i\u0161 itin tvirto ir patvaraus metalo.<br \/>\nSpecifikacijos:<br \/>\nMaks., apkrova 4TMin. k\u0117limo auk\u0161tis 96mmMaks. k\u0117limo auk\u0161tis 595mm\u017eemo profilio dizainasGreitas pak\u0117limasPasukami galiniai ratai<\/p>","protected":false},"excerpt":{"rendered":"<p>JCB Domkratas hidraulinis 4Ton 96-595mm<\/p>","protected":false},"featured_media":407208,"comment_status":"open","ping_status":"open","template":"","meta":[],"product_cat":[9959],"product_tag":[10143],"class_list":{"0":"post-407206","1":"product","2":"type-product","3":"status-publish","4":"has-post-thumbnail","6":"product_brand-jcb","7":"product_cat-domkratai-hidrauliniai","8":"product_tag-jcb","10":"first","11":"instock","12":"purchasable","13":"product-type-simple"},"jetpack_sharing_enabled":true,"_links":{"self":[{"href":"https:\/\/irankiuzona.lt\/ru\/wp-json\/wp\/v2\/product\/407206","targetHints":{"allow":["GET"]}}],"collection":[{"href":"https:\/\/irankiuzona.lt\/ru\/wp-json\/wp\/v2\/product"}],"about":[{"href":"https:\/\/irankiuzona.lt\/ru\/wp-json\/wp\/v2\/types\/product"}],"replies":[{"embeddable":true,"href":"https:\/\/irankiuzona.lt\/ru\/wp-json\/wp\/v2\/comments?post=407206"}],"version-history":[{"count":1,"href":"https:\/\/irankiuzona.lt\/ru\/wp-json\/wp\/v2\/product\/407206\/revisions"}],"predecessor-version":[{"id":426888,"href":"https:\/\/irankiuzona.lt\/ru\/wp-json\/wp\/v2\/product\/407206\/revisions\/426888"}],"wp:featuredmedia":[{"embeddable":true,"href":"https:\/\/irankiuzona.lt\/ru\/wp-json\/wp\/v2\/media\/407208"}],"wp:attachment":[{"href":"https:\/\/irankiuzona.lt\/ru\/wp-json\/wp\/v2\/media?parent=407206"}],"wp:term":[{"taxonomy":"product_cat","embeddable":true,"href":"https:\/\/irankiuzona.lt\/ru\/wp-json\/wp\/v2\/product_cat?post=407206"},{"taxonomy":"product_tag","embeddable":true,"href":"https:\/\/irankiuzona.lt\/ru\/wp-json\/wp\/v2\/product_tag?post=407206"}],"curies":[{"name":"wp","href":"https:\/\/api.w.org\/{rel}","templated":true}]}}