{"id":407241,"date":"2025-07-26T08:07:40","date_gmt":"2025-07-26T08:07:40","guid":{"rendered":"https:\/\/irankiuzona.lt\/product\/issukejas-3-4-varztams-vamzdziams-voztuvams\/"},"modified":"2026-05-07T02:15:00","modified_gmt":"2026-05-07T02:15:00","slug":"issukejas-3-4-varztams-vamzdziams-voztuvams","status":"publish","type":"product","link":"https:\/\/irankiuzona.lt\/ru\/product\/issukejas-3-4-varztams-vamzdziams-voztuvams\/","title":{"rendered":"I\u0161suk\u0117jas 3\/4&#8221; var\u017etams, vamzd\u017eiams, vo\u017etuvams"},"content":{"rendered":"<p>Dydis: 3\/4 colio<br \/>\nSriegio diapazonas: nuo M35 iki M50 \u2013 skirtas didesniems var\u017etams ir sriegiams i\u0161traukti<br \/>\nMed\u017eiaga: 40Cr plienas \u2013 patvarus, atsparus korozijai ir skirtas intensyviam naudojimui<\/p>","protected":false},"excerpt":{"rendered":"<p>I\u0161suk\u0117jas 3\/4&#8221; var\u017etams, vamzd\u017eiams, vo\u017etuvams<\/p>","protected":false},"featured_media":407243,"comment_status":"open","ping_status":"open","template":"","meta":[],"product_cat":[9557],"product_tag":[9810],"class_list":{"0":"post-407241","1":"product","2":"type-product","3":"status-publish","4":"has-post-thumbnail","6":"product_brand-geko-lenkija","7":"product_cat-nulauztu-varztu-issukimo-irankiai","8":"product_tag-geko-lenkija","10":"first","11":"outofstock","12":"purchasable","13":"product-type-simple"},"jetpack_sharing_enabled":true,"_links":{"self":[{"href":"https:\/\/irankiuzona.lt\/ru\/wp-json\/wp\/v2\/product\/407241","targetHints":{"allow":["GET"]}}],"collection":[{"href":"https:\/\/irankiuzona.lt\/ru\/wp-json\/wp\/v2\/product"}],"about":[{"href":"https:\/\/irankiuzona.lt\/ru\/wp-json\/wp\/v2\/types\/product"}],"replies":[{"embeddable":true,"href":"https:\/\/irankiuzona.lt\/ru\/wp-json\/wp\/v2\/comments?post=407241"}],"version-history":[{"count":1,"href":"https:\/\/irankiuzona.lt\/ru\/wp-json\/wp\/v2\/product\/407241\/revisions"}],"predecessor-version":[{"id":426054,"href":"https:\/\/irankiuzona.lt\/ru\/wp-json\/wp\/v2\/product\/407241\/revisions\/426054"}],"wp:featuredmedia":[{"embeddable":true,"href":"https:\/\/irankiuzona.lt\/ru\/wp-json\/wp\/v2\/media\/407243"}],"wp:attachment":[{"href":"https:\/\/irankiuzona.lt\/ru\/wp-json\/wp\/v2\/media?parent=407241"}],"wp:term":[{"taxonomy":"product_cat","embeddable":true,"href":"https:\/\/irankiuzona.lt\/ru\/wp-json\/wp\/v2\/product_cat?post=407241"},{"taxonomy":"product_tag","embeddable":true,"href":"https:\/\/irankiuzona.lt\/ru\/wp-json\/wp\/v2\/product_tag?post=407241"}],"curies":[{"name":"wp","href":"https:\/\/api.w.org\/{rel}","templated":true}]}}