{"id":407262,"date":"2025-07-26T08:23:56","date_gmt":"2025-07-26T08:23:56","guid":{"rendered":"https:\/\/irankiuzona.lt\/product\/kampinis-slifuoklis-230mm-2300w\/"},"modified":"2026-05-14T16:36:23","modified_gmt":"2026-05-14T16:36:23","slug":"kampinis-slifuoklis-230mm-2300w","status":"publish","type":"product","link":"https:\/\/irankiuzona.lt\/ru\/product\/kampinis-slifuoklis-230mm-2300w\/","title":{"rendered":"Kampinis \u0161lifuoklis 230mm 2300W"},"content":{"rendered":"<p>\u012etampa: 230 VGalingumas: 2300 WSkersmuo: 230 mmAuk\u0161tis: 6500 aps.\/min.Svoris: 4,5 kg\u0160velnus paleidimasBesisukanti rankena<\/p>","protected":false},"excerpt":{"rendered":"<p>Kampinis \u0161lifuoklis 230mm 2300W<\/p>","protected":false},"featured_media":407264,"comment_status":"open","ping_status":"open","template":"","meta":[],"product_cat":[9648],"product_tag":[11010],"class_list":{"0":"post-407262","1":"product","2":"type-product","3":"status-publish","4":"has-post-thumbnail","6":"product_brand-notig-tools","7":"product_cat-kampiniai-slifuokliai","8":"product_tag-notig-tools","10":"first","11":"outofstock","12":"purchasable","13":"product-type-simple"},"jetpack_sharing_enabled":true,"_links":{"self":[{"href":"https:\/\/irankiuzona.lt\/ru\/wp-json\/wp\/v2\/product\/407262","targetHints":{"allow":["GET"]}}],"collection":[{"href":"https:\/\/irankiuzona.lt\/ru\/wp-json\/wp\/v2\/product"}],"about":[{"href":"https:\/\/irankiuzona.lt\/ru\/wp-json\/wp\/v2\/types\/product"}],"replies":[{"embeddable":true,"href":"https:\/\/irankiuzona.lt\/ru\/wp-json\/wp\/v2\/comments?post=407262"}],"version-history":[{"count":1,"href":"https:\/\/irankiuzona.lt\/ru\/wp-json\/wp\/v2\/product\/407262\/revisions"}],"predecessor-version":[{"id":426816,"href":"https:\/\/irankiuzona.lt\/ru\/wp-json\/wp\/v2\/product\/407262\/revisions\/426816"}],"wp:featuredmedia":[{"embeddable":true,"href":"https:\/\/irankiuzona.lt\/ru\/wp-json\/wp\/v2\/media\/407264"}],"wp:attachment":[{"href":"https:\/\/irankiuzona.lt\/ru\/wp-json\/wp\/v2\/media?parent=407262"}],"wp:term":[{"taxonomy":"product_cat","embeddable":true,"href":"https:\/\/irankiuzona.lt\/ru\/wp-json\/wp\/v2\/product_cat?post=407262"},{"taxonomy":"product_tag","embeddable":true,"href":"https:\/\/irankiuzona.lt\/ru\/wp-json\/wp\/v2\/product_tag?post=407262"}],"curies":[{"name":"wp","href":"https:\/\/api.w.org\/{rel}","templated":true}]}}