{"id":407265,"date":"2025-07-26T08:23:57","date_gmt":"2025-07-26T08:23:57","guid":{"rendered":"https:\/\/irankiuzona.lt\/product\/zirkles-skardai-elektrines-max-16mm-storio-1500w\/"},"modified":"2026-05-14T17:25:29","modified_gmt":"2026-05-14T17:25:29","slug":"zirkles-skardai-elektrines-max-16mm-storio-1500w","status":"publish","type":"product","link":"https:\/\/irankiuzona.lt\/ru\/product\/zirkles-skardai-elektrines-max-16mm-storio-1500w\/","title":{"rendered":"\u017dirkl\u0117s skardai elektrin\u0117s max.1,6mm storio 1500W"},"content":{"rendered":"<p>Galia: 1500 W\u012etampa: 230 VMaksimalus eigos da\u017enis (1\/min): 2000Maksimalus pjovimo storis: 1,6 mmPj\u016bvio plotis: 5 mm<\/p>","protected":false},"excerpt":{"rendered":"<p>\u017dirkl\u0117s skardai elektrin\u0117s max.1,6mm storio 1500W<\/p>","protected":false},"featured_media":407267,"comment_status":"open","ping_status":"open","template":"","meta":[],"product_cat":[9968],"product_tag":[11010],"class_list":{"0":"post-407265","1":"product","2":"type-product","3":"status-publish","4":"has-post-thumbnail","6":"product_brand-notig-tools","7":"product_cat-stakles-metalo-apdirbimui","8":"product_tag-notig-tools","10":"first","11":"instock","12":"purchasable","13":"product-type-simple"},"jetpack_sharing_enabled":true,"_links":{"self":[{"href":"https:\/\/irankiuzona.lt\/ru\/wp-json\/wp\/v2\/product\/407265","targetHints":{"allow":["GET"]}}],"collection":[{"href":"https:\/\/irankiuzona.lt\/ru\/wp-json\/wp\/v2\/product"}],"about":[{"href":"https:\/\/irankiuzona.lt\/ru\/wp-json\/wp\/v2\/types\/product"}],"replies":[{"embeddable":true,"href":"https:\/\/irankiuzona.lt\/ru\/wp-json\/wp\/v2\/comments?post=407265"}],"version-history":[{"count":1,"href":"https:\/\/irankiuzona.lt\/ru\/wp-json\/wp\/v2\/product\/407265\/revisions"}],"predecessor-version":[{"id":426817,"href":"https:\/\/irankiuzona.lt\/ru\/wp-json\/wp\/v2\/product\/407265\/revisions\/426817"}],"wp:featuredmedia":[{"embeddable":true,"href":"https:\/\/irankiuzona.lt\/ru\/wp-json\/wp\/v2\/media\/407267"}],"wp:attachment":[{"href":"https:\/\/irankiuzona.lt\/ru\/wp-json\/wp\/v2\/media?parent=407265"}],"wp:term":[{"taxonomy":"product_cat","embeddable":true,"href":"https:\/\/irankiuzona.lt\/ru\/wp-json\/wp\/v2\/product_cat?post=407265"},{"taxonomy":"product_tag","embeddable":true,"href":"https:\/\/irankiuzona.lt\/ru\/wp-json\/wp\/v2\/product_tag?post=407265"}],"curies":[{"name":"wp","href":"https:\/\/api.w.org\/{rel}","templated":true}]}}