{"id":407341,"date":"2025-07-30T14:11:10","date_gmt":"2025-07-30T14:11:10","guid":{"rendered":"https:\/\/irankiuzona.lt\/product\/irankiu-vezimelis-12-stalciu-su-356-irankiais\/"},"modified":"2026-04-15T17:07:56","modified_gmt":"2026-04-15T17:07:56","slug":"irankiu-vezimelis-12-stalciu-su-356-irankiais","status":"publish","type":"product","link":"https:\/\/irankiuzona.lt\/ru\/product\/irankiu-vezimelis-12-stalciu-su-356-irankiais\/","title":{"rendered":"\u012eranki\u0173 ve\u017eim\u0117lis 12 stal\u010di\u0173 su  356 \u012frankiais"},"content":{"rendered":"<p>Parametrai:<br \/>\nSpintel\u0117s matmenys: 960x460x765 mmMatmenys su ratukais: 960x460x975 mmDidelio stal\u010diaus (1 vnt.) matmenys: 830x400x65 mmVidutinio stal\u010diaus (5 vnt.) matmenys: 505x400x55 mmVidutinio gylio stal\u010diaus (1 vnt.) matmenys: 505x400x125 mmMa\u017eo stal\u010diaus (4 vnt.) matmenys: 235x400x55 mmMa\u017eo gilaus stal\u010diaus (1 vnt.) matmenys: 235x400x200 mmDidelio stal\u010diaus \u012fd\u0117klo matmenys (1 komplektas): 815x390x30 mmStal\u010diaus \u012fd\u0117klo matmenys (5 komplektai): 520x390x25 mmMetalin\u0117s stal\u010di\u0173 kreipian\u010diosios2 x centrinis u\u017eraktas su dviem raktais15 mm storio medinis stalvir\u0161isErgonomi\u0161ka rankenarat\u0173 dydis: 5 coliai (du fiksuoti ratai, du pasukami ratai su stabd\u017eiais)rat\u0173 med\u017eiaga: PP<br \/>\n1\/4 + 1\/2 galvu\u010di\u0173 ir terk\u0161li\u0173 komplektai;prailginimai: 1\/4 colio \u2013 50\/100 mm, 1\/2 colio \u2013 125\/250 mmslankiojanti rankena 1\/4 colio -110 mm1\/2 colio slankiojanti ranken\u0117l\u0117 \u2013 250 mmjungtys: 1\/4 colio, 1\/2 colio\u201eL\u201c tipo ranken\u0117l\u0117 1\/2\u2033 \u2013 250 mmU\u017edegimo \u017evaki\u0173 galvut\u0117s: 1\/2 colio \u2013 16,21 mmAliuminio ratlanki\u0173 dangteliai \u2013 17, 19, 21 mmSukimo momento raktas 20\u2013210 Nm1\/4 colio trumpos galvut\u0117s: 4, 4,5, 5, 6, 7, 8, 9, 10, 11, 12, 13, 14 mm1\/4 colio ilgio galvut\u0117s: 4, 5, 6, 7, 8, 9, 10, 11, 12, 13, 14 mm1\/2 colio trumpos galvut\u0117s: 10, 12, 13, 14, 15, 16, 17, 18, 19, 20, 21, 22, 23, 24, 25, 27, 30, 32 mm1\/2 colio ilgio galvut\u0117s: 14, 15, 16, 17, 18, 19, 21, 22 mmE-TORX trumpi lizdai: 1\/4 colio: E4, E5, E6, E7, E8E-TORX trumpos galvut\u0117s: 1\/2 colio: E10, E11, E12, E14, E16.1\/4 colio ranken\u0117l\u0117 su 1\/4 colio \u012f\u0117jimo angaXZN 1\/2 colio M18 sm\u016bgin\u0117 galvut\u0117, 80 mm ilgioTORX lizdas 1\/2 colio 140 mm \u2013 T40, T45, T55TORX lizdas 1\/2 colio 100 mm \u2013 T70XZN 1\/2 colio galvut\u0117 100 mm \u2013 M6, M8, M10, M12\u0160e\u0161iakamp\u0117 galvut\u0117 1\/2 colio 100 mm \u2013 H5, H6, H7, H81\/4 colio \u0161e\u0161iakamp\u0117 antgalio galvut\u0117 \u2013 H3, H4, H5, H6, H81\/4 colio SL antgalis \u2013 4, 5, 61\/4 colio TORX antgalis \u2013 T8, T10, T15, T20, T25, T27, T30, T401\/4 colio PZ antgalis \u2013 0, 1, 2, 31\/4 colio PH antgalis \u2013 0, 1, 2, 3putplas\u010dio \u012fd\u0117klas2 stal\u010diai \u2013 117 vnt.:<br \/>\n\u0160e\u0161iakampiai L tipo raktai su rutuliuku: 1,5 \/ 2 \/ 2,5 \/ 3 \/ 4 \/ 5 \/ 6 \/ 8 \/ 10TORX L formos raktai su skylute: T 10 \/ T15 \/ T20 \/ T25 \/ T27 \/ T30 \/ T40 \/ T45 \/ T50Plok\u0161\u010dias atsuktuvas: SL6x100mm (kalimui) \/ SL6x150mm \/ SL5x38mmKry\u017eminis atsuktuvas: PH2x100mm (kalimui) \/ PH2x150mm \/ PH1x38mmAntgaliai su adapteriais \u2013 40 vnt. rinkinys \u2013 4 HEX antgaliai 4, 5, 6, 7, 8, 10, 12 (30 mm) ir (75 mm) \/ 14 TORX antgali\u0173 T20, T25, T30, T40, T45, T50, T55 (30 mm) ir (75 mm) \/ 10 XZN antgali\u0173 5, 6, 8, 10, 12 (30 mm) ir (75 mm) \/ 2 adapteriai: 3\/8 colio ir 1\/2 colio su 10 mm antgali\u0173 \u012fvaduLankstus magnetinis griebtuvas \u2013 400 mm, \u00d86,5 mm galvut\u01171\/4 colio atsuktuvas su antgaliaisKabeli\u0173 testerisAntgali\u0173 rinkinys su magnetiniu laikikliuSm\u016bginis atsuktuvas su antgaliais1\/2 colio XZN lizdiniai raktai, M14 \/ M16 \/ M18 dyd\u017eiai, 100 mm ilgisPutplas\u010dio \u012fd\u0117klas3 stal\u010di\u0173 sm\u016bgini\u0173 ver\u017eliarak\u010di\u0173 rinkinys, 34 vnt.:<br \/>\nTrumpi sm\u016bginiai antgaliai, 6 ta\u0161k\u0173, 1\/2 colio: 8, 9, 10, 11, 12, 13, 14, 15, 16, 17, 18, 19, 20, 21, 22 mmIlgos sm\u016bgin\u0117s galvut\u0117s, 6 kampin\u0117s, 1\/2 colio: 8, 9, 10, 11, 12, 13, 14, 15, 16, 17, 18, 19, 20, 21, 22 mm1\/2 colio rutulinis sujungimas1\/2 colio prailginimas: 125, 250 mmputplas\u010dio \u012fd\u0117klas4 stal\u010di\u0173 \u2013 32 dali\u0173 rakt\u0173 rinkinys:<br \/>\nAtviri ver\u017eliarak\u010diai: 8, 9, 10, 11, 12, 13, 14, 15, 16, 17, 18, 19, 21, 22, 24, 27 mmAtviras raktas: 32&#215;36 mmStabd\u017ei\u0173 \u017earnos raktas: 10\u00d712 \/ 11&#215;13 mmReketinis \u017eiedinis raktas: 8\u00d710 \/ 12&#215;13 mmE-TORX kombinuotas raktas: E10xE12 \/ E14xE18 \/ E20xE24Ilgas \u017eiedinis raktas \u012ftemp\u0117jui: 16\u00d718 \/ 17&#215;19 mmU\u017elenkiamas \u017eiedinis raktas: 8\u00d710; 12\u00d713; 14\u00d715; 16\u00d718; 17&#215;19 mmputplas\u010dio \u012fd\u0117klas5 stal\u010di\u0173 \u2013 42 dali\u0173 pried\u0173 rinkinys<br \/>\nHSS metalo gr\u0105\u017etas: 4; 5; 6; 8, 10 mm150 mm suportasVielinis \u0161epetysPlaktukas 500gKaltas: 14\/16\/20 mmPramu\u0161imo gylis: 3\/4\/5 mmCentrinis skylmu\u0161as: 4 mmAtsuktuv\u0173 rinkinys var\u017etamsSriegini\u0173 ir \u0161tampom\u0173 rinkinys M3-M12Smeigi\u0173 ir ver\u017eli\u0173 i\u0161traukiklis 1\/2 colio, dyd\u017eiai 8,5\u201319 mmputplas\u010dio \u012fd\u0117klas6 stal\u010di\u0173 rankini\u0173 \u012franki\u0173 rinkinys \u2013 14 dali\u0173:<br \/>\n210 mm priekin\u0117s repl\u0117stiesios ilgos repl\u0117s 180 mmUniversalios repl\u0117s 180 mm180 mm \u0161oniniai pjaustytuvaireguliuojamas ver\u017eliaraktis 250 mmJuostin\u0117s kabeli\u0173 rai\u0161teli\u0173 repl\u0117s145 mm \u017eirkl\u0117sTiesios vidini\u0173 \u017eied\u0173 repl\u0117s 150 mmTiesios i\u0161orini\u0173 fiksavimo \u017eied\u0173 repl\u0117s 150 mmVidinio lenkimo fiksavimo \u017eied\u0173 repl\u0117s 150 mm\u017diedini\u0173 repl\u0117s, i\u0161ori\u0161kai lenktos, 150 mmViduje lenktos fiksavimo \u017eied\u0173 repl\u0117s &#8211; 90\u00b0 kampu stabd\u017eiamsMorz\u0117s repl\u0117s 220 mmputplas\u010dio \u012fd\u0117klas<\/p>","protected":false},"excerpt":{"rendered":"<p>\u012eranki\u0173 ve\u017eim\u0117lis 12 stal\u010di\u0173 su\u00a0 356 \u012frankiais<\/p>","protected":false},"featured_media":407343,"comment_status":"open","ping_status":"open","template":"","meta":[],"product_cat":[9943],"product_tag":[10131],"class_list":{"0":"post-407341","1":"product","2":"type-product","3":"status-publish","4":"has-post-thumbnail","6":"product_brand-asta-lenkija","7":"product_cat-vezimeliai-irankiu-spintos","8":"product_tag-asta-lenkija","10":"first","11":"outofstock","12":"purchasable","13":"product-type-simple"},"jetpack_sharing_enabled":true,"_links":{"self":[{"href":"https:\/\/irankiuzona.lt\/ru\/wp-json\/wp\/v2\/product\/407341","targetHints":{"allow":["GET"]}}],"collection":[{"href":"https:\/\/irankiuzona.lt\/ru\/wp-json\/wp\/v2\/product"}],"about":[{"href":"https:\/\/irankiuzona.lt\/ru\/wp-json\/wp\/v2\/types\/product"}],"replies":[{"embeddable":true,"href":"https:\/\/irankiuzona.lt\/ru\/wp-json\/wp\/v2\/comments?post=407341"}],"version-history":[{"count":1,"href":"https:\/\/irankiuzona.lt\/ru\/wp-json\/wp\/v2\/product\/407341\/revisions"}],"predecessor-version":[{"id":426868,"href":"https:\/\/irankiuzona.lt\/ru\/wp-json\/wp\/v2\/product\/407341\/revisions\/426868"}],"wp:featuredmedia":[{"embeddable":true,"href":"https:\/\/irankiuzona.lt\/ru\/wp-json\/wp\/v2\/media\/407343"}],"wp:attachment":[{"href":"https:\/\/irankiuzona.lt\/ru\/wp-json\/wp\/v2\/media?parent=407341"}],"wp:term":[{"taxonomy":"product_cat","embeddable":true,"href":"https:\/\/irankiuzona.lt\/ru\/wp-json\/wp\/v2\/product_cat?post=407341"},{"taxonomy":"product_tag","embeddable":true,"href":"https:\/\/irankiuzona.lt\/ru\/wp-json\/wp\/v2\/product_tag?post=407341"}],"curies":[{"name":"wp","href":"https:\/\/api.w.org\/{rel}","templated":true}]}}