{"id":407413,"date":"2025-08-06T00:58:03","date_gmt":"2025-08-06T00:58:03","guid":{"rendered":"https:\/\/irankiuzona.lt\/product\/pneumatinis-domkratas-35ton-be-ratuku-140-400mm\/"},"modified":"2025-12-01T00:00:08","modified_gmt":"2025-12-01T00:00:08","slug":"pneumatinis-domkratas-35ton-be-ratuku-140-400mm","status":"publish","type":"product","link":"https:\/\/irankiuzona.lt\/ru\/product\/pneumatinis-domkratas-35ton-be-ratuku-140-400mm\/","title":{"rendered":"Pneumatinis domkratas 3,5ton be ratuk\u0173 (140-400mm)"},"content":{"rendered":"<p>Maksimali keliamoji galia: 3500kg.Maksimalus k\u0117limo auk\u0161tis \u2013 40 cm.Minimalus auk\u0161tis &#8211; 14 cm.Darbinis sl\u0117gis nuo 5 iki 10 bar\u0173.Svoris: 17,3 kg.<\/p>","protected":false},"excerpt":{"rendered":"<p>Pneumatinis orinis domkratas su 3 oro pagalv\u0117mis iki 3,5tonos, k\u0117limo auk\u0161tis 140-400mm<\/p>","protected":false},"featured_media":195826,"comment_status":"open","ping_status":"closed","template":"","meta":[],"product_cat":[10056],"product_tag":[10151],"class_list":{"0":"post-407413","1":"product","2":"type-product","3":"status-publish","4":"has-post-thumbnail","6":"product_brand-lenkija-tiekejas","7":"product_cat-domkratai-su-oro-pagalvemis","8":"product_tag-lenkija-tiekejas","10":"first","11":"instock","12":"purchasable","13":"product-type-simple"},"jetpack_sharing_enabled":true,"_links":{"self":[{"href":"https:\/\/irankiuzona.lt\/ru\/wp-json\/wp\/v2\/product\/407413","targetHints":{"allow":["GET"]}}],"collection":[{"href":"https:\/\/irankiuzona.lt\/ru\/wp-json\/wp\/v2\/product"}],"about":[{"href":"https:\/\/irankiuzona.lt\/ru\/wp-json\/wp\/v2\/types\/product"}],"replies":[{"embeddable":true,"href":"https:\/\/irankiuzona.lt\/ru\/wp-json\/wp\/v2\/comments?post=407413"}],"version-history":[{"count":0,"href":"https:\/\/irankiuzona.lt\/ru\/wp-json\/wp\/v2\/product\/407413\/revisions"}],"wp:featuredmedia":[{"embeddable":true,"href":"https:\/\/irankiuzona.lt\/ru\/wp-json\/wp\/v2\/media\/195826"}],"wp:attachment":[{"href":"https:\/\/irankiuzona.lt\/ru\/wp-json\/wp\/v2\/media?parent=407413"}],"wp:term":[{"taxonomy":"product_cat","embeddable":true,"href":"https:\/\/irankiuzona.lt\/ru\/wp-json\/wp\/v2\/product_cat?post=407413"},{"taxonomy":"product_tag","embeddable":true,"href":"https:\/\/irankiuzona.lt\/ru\/wp-json\/wp\/v2\/product_tag?post=407413"}],"curies":[{"name":"wp","href":"https:\/\/api.w.org\/{rel}","templated":true}]}}