{"id":407465,"date":"2025-08-11T17:02:05","date_gmt":"2025-08-11T17:02:05","guid":{"rendered":"https:\/\/irankiuzona.lt\/product\/motociklo-stovai-2-daliu-iki-450kg\/"},"modified":"2026-04-19T14:21:58","modified_gmt":"2026-04-19T14:21:58","slug":"motociklo-stovai-2-daliu-iki-450kg","status":"publish","type":"product","link":"https:\/\/irankiuzona.lt\/ru\/product\/motociklo-stovai-2-daliu-iki-450kg\/","title":{"rendered":"Motociklo stovai *2 dali\u0173, iki 450kg"},"content":{"rendered":"<p>Bendras svoris: 10kgMotociklo stovas motociklo priekiui ir galui. \u0160is stovas pravers bet kuriame gara\u017ee ar dirbtuv\u0117se. Jis leid\u017eia lengvai atlikti remonto ir prie\u017ei\u016bros darbus, taip pat plauti, tepti, keisti grandines ir atlikti kitus darbus. Jis taip pat puikiai tinka motociklo laikymui, nes u\u017eima ma\u017eiau vietos ir neapsunkina padang\u0173, tod\u0117l galite pamir\u0161ti apie padang\u0173 deformacijos rizik\u0105. Rinkin\u012f sudaro du stovas.<\/p>","protected":false},"excerpt":{"rendered":"<p>Motociklo stovas &#8211; laikikliai 2 dali\u0173, iki 450kg apkrovos. Priekinio ir galinio rato mobil\u016bs motociklo stovai.<\/p>","protected":false},"featured_media":407467,"comment_status":"open","ping_status":"open","template":"","meta":[],"product_cat":[9605],"product_tag":[10087],"class_list":{"0":"post-407465","1":"product","2":"type-product","3":"status-publish","4":"has-post-thumbnail","6":"product_brand-verke","7":"product_cat-irankiai-motociklu-remontui","8":"product_tag-verke","10":"first","11":"outofstock","12":"purchasable","13":"product-type-simple"},"jetpack_sharing_enabled":true,"_links":{"self":[{"href":"https:\/\/irankiuzona.lt\/ru\/wp-json\/wp\/v2\/product\/407465","targetHints":{"allow":["GET"]}}],"collection":[{"href":"https:\/\/irankiuzona.lt\/ru\/wp-json\/wp\/v2\/product"}],"about":[{"href":"https:\/\/irankiuzona.lt\/ru\/wp-json\/wp\/v2\/types\/product"}],"replies":[{"embeddable":true,"href":"https:\/\/irankiuzona.lt\/ru\/wp-json\/wp\/v2\/comments?post=407465"}],"version-history":[{"count":1,"href":"https:\/\/irankiuzona.lt\/ru\/wp-json\/wp\/v2\/product\/407465\/revisions"}],"predecessor-version":[{"id":426928,"href":"https:\/\/irankiuzona.lt\/ru\/wp-json\/wp\/v2\/product\/407465\/revisions\/426928"}],"wp:featuredmedia":[{"embeddable":true,"href":"https:\/\/irankiuzona.lt\/ru\/wp-json\/wp\/v2\/media\/407467"}],"wp:attachment":[{"href":"https:\/\/irankiuzona.lt\/ru\/wp-json\/wp\/v2\/media?parent=407465"}],"wp:term":[{"taxonomy":"product_cat","embeddable":true,"href":"https:\/\/irankiuzona.lt\/ru\/wp-json\/wp\/v2\/product_cat?post=407465"},{"taxonomy":"product_tag","embeddable":true,"href":"https:\/\/irankiuzona.lt\/ru\/wp-json\/wp\/v2\/product_tag?post=407465"}],"curies":[{"name":"wp","href":"https:\/\/api.w.org\/{rel}","templated":true}]}}