{"id":407468,"date":"2025-08-11T17:02:08","date_gmt":"2025-08-11T17:02:08","guid":{"rendered":"https:\/\/irankiuzona.lt\/product\/irankiu-vezimelis-7-stalciu-be-irankiu-3\/"},"modified":"2026-04-25T09:48:37","modified_gmt":"2026-04-25T09:48:37","slug":"irankiu-vezimelis-7-stalciu-be-irankiu-3","status":"publish","type":"product","link":"https:\/\/irankiuzona.lt\/ru\/product\/irankiu-vezimelis-7-stalciu-be-irankiu-3\/","title":{"rendered":"\u012eranki\u0173 ve\u017eim\u0117lis 7 stal\u010di\u0173 (be \u012franki\u0173)"},"content":{"rendered":"<p>Ve\u017eim\u0117lio bendri matmenys: apie 970 \u00d7 840 \u00d7 460 mm (A \u00d7 P \u00d7 G);Stal\u010di\u0173 skai\u010dius: 7 (5 negil\u016bs + 2 gil\u016bs);Stal\u010di\u0173 viduje EVA d\u0117klai, pamink\u0161tinimai;I\u0161traukimo mechanizmas: rutuliniai guoliai;U\u017erakinimas: centrinis, spyna su 2 raktais;Ratukai: 2 fiksuoti + 2 pasukami (1 su stabd\u017eiu), \u00d8 apie 125 mm;Stal\u010diaus matmenys (P \u00d7 G) apie 520 \u00d7 400 mm;Stal\u010diaus auk\u0161tis: 5 \u00d7 55 mm \/ 2 \u00d7 140 mm;Med\u017eiaga: milteliniu b\u016bdu da\u017eytas plienas;Stalvir\u0161io maksimali apkrova iki 200 kg.<\/p>","protected":false},"excerpt":{"rendered":"<p>Tu\u0161\u010dias mechaniko \u012franki\u0173 ve\u017eim\u0117lis ant ratuk\u0173 7 stal\u010di\u0173, be \u012franki\u0173.<\/p>","protected":false},"featured_media":407470,"comment_status":"open","ping_status":"closed","template":"","meta":[],"product_cat":[9943],"product_tag":[10087],"class_list":{"0":"post-407468","1":"product","2":"type-product","3":"status-publish","4":"has-post-thumbnail","6":"product_brand-verke","7":"product_cat-vezimeliai-irankiu-spintos","8":"product_tag-verke","10":"first","11":"instock","12":"purchasable","13":"product-type-simple"},"jetpack_sharing_enabled":true,"_links":{"self":[{"href":"https:\/\/irankiuzona.lt\/ru\/wp-json\/wp\/v2\/product\/407468","targetHints":{"allow":["GET"]}}],"collection":[{"href":"https:\/\/irankiuzona.lt\/ru\/wp-json\/wp\/v2\/product"}],"about":[{"href":"https:\/\/irankiuzona.lt\/ru\/wp-json\/wp\/v2\/types\/product"}],"replies":[{"embeddable":true,"href":"https:\/\/irankiuzona.lt\/ru\/wp-json\/wp\/v2\/comments?post=407468"}],"version-history":[{"count":1,"href":"https:\/\/irankiuzona.lt\/ru\/wp-json\/wp\/v2\/product\/407468\/revisions"}],"predecessor-version":[{"id":426929,"href":"https:\/\/irankiuzona.lt\/ru\/wp-json\/wp\/v2\/product\/407468\/revisions\/426929"}],"wp:featuredmedia":[{"embeddable":true,"href":"https:\/\/irankiuzona.lt\/ru\/wp-json\/wp\/v2\/media\/407470"}],"wp:attachment":[{"href":"https:\/\/irankiuzona.lt\/ru\/wp-json\/wp\/v2\/media?parent=407468"}],"wp:term":[{"taxonomy":"product_cat","embeddable":true,"href":"https:\/\/irankiuzona.lt\/ru\/wp-json\/wp\/v2\/product_cat?post=407468"},{"taxonomy":"product_tag","embeddable":true,"href":"https:\/\/irankiuzona.lt\/ru\/wp-json\/wp\/v2\/product_tag?post=407468"}],"curies":[{"name":"wp","href":"https:\/\/api.w.org\/{rel}","templated":true}]}}