{"id":407526,"date":"2025-08-18T11:03:54","date_gmt":"2025-08-18T11:03:54","guid":{"rendered":"https:\/\/irankiuzona.lt\/product\/ratu-varztu-ir-verzliu-valymo-komplektas-9vnt\/"},"modified":"2026-04-12T23:27:23","modified_gmt":"2026-04-12T23:27:23","slug":"ratu-varztu-ir-verzliu-valymo-komplektas-9vnt","status":"publish","type":"product","link":"https:\/\/irankiuzona.lt\/ru\/product\/ratu-varztu-ir-verzliu-valymo-komplektas-9vnt\/","title":{"rendered":"Rat\u0173 var\u017et\u0173 ir ver\u017eli\u0173 valymo komplektas 9vnt."},"content":{"rendered":"<p>1 \u00d7 \u0161epet\u0117li\u0173 laikiklis (1\/2 colio )6 \u00d7 valymo \u0161epet\u0117liai:12 mm (7\/16 colio)13 mm (1\/2 colio)14 mm (9\/16 colio)16 mm (5\/8 colio)22 mm (7\/8 colio)28 mm (1-1\/8 colio)<br \/>\n1 \u00d7 SDS-PLUS adapteris (1\/2 colio)1 \u00d7 HEX adapteris (1\/2 colio)1 \u00d7 patvarus ne\u0161iojimo d\u0117klas<\/p>","protected":false},"excerpt":{"rendered":"<p>Rat\u0173 var\u017et\u0173 ir ver\u017eli\u0173 valymo komplektas 9vnt.<\/p>","protected":false},"featured_media":407528,"comment_status":"open","ping_status":"open","template":"","meta":[],"product_cat":[9492],"product_tag":[9810],"class_list":{"0":"post-407526","1":"product","2":"type-product","3":"status-publish","4":"has-post-thumbnail","6":"product_brand-geko-lenkija","7":"product_cat-ratu-varztams-galvutes-raktai-sepeciai","8":"product_tag-geko-lenkija","10":"first","11":"instock","12":"purchasable","13":"product-type-simple"},"jetpack_sharing_enabled":true,"_links":{"self":[{"href":"https:\/\/irankiuzona.lt\/ru\/wp-json\/wp\/v2\/product\/407526","targetHints":{"allow":["GET"]}}],"collection":[{"href":"https:\/\/irankiuzona.lt\/ru\/wp-json\/wp\/v2\/product"}],"about":[{"href":"https:\/\/irankiuzona.lt\/ru\/wp-json\/wp\/v2\/types\/product"}],"replies":[{"embeddable":true,"href":"https:\/\/irankiuzona.lt\/ru\/wp-json\/wp\/v2\/comments?post=407526"}],"version-history":[{"count":1,"href":"https:\/\/irankiuzona.lt\/ru\/wp-json\/wp\/v2\/product\/407526\/revisions"}],"predecessor-version":[{"id":426913,"href":"https:\/\/irankiuzona.lt\/ru\/wp-json\/wp\/v2\/product\/407526\/revisions\/426913"}],"wp:featuredmedia":[{"embeddable":true,"href":"https:\/\/irankiuzona.lt\/ru\/wp-json\/wp\/v2\/media\/407528"}],"wp:attachment":[{"href":"https:\/\/irankiuzona.lt\/ru\/wp-json\/wp\/v2\/media?parent=407526"}],"wp:term":[{"taxonomy":"product_cat","embeddable":true,"href":"https:\/\/irankiuzona.lt\/ru\/wp-json\/wp\/v2\/product_cat?post=407526"},{"taxonomy":"product_tag","embeddable":true,"href":"https:\/\/irankiuzona.lt\/ru\/wp-json\/wp\/v2\/product_tag?post=407526"}],"curies":[{"name":"wp","href":"https:\/\/api.w.org\/{rel}","templated":true}]}}