{"id":407532,"date":"2025-08-18T11:04:04","date_gmt":"2025-08-18T11:04:04","guid":{"rendered":"https:\/\/irankiuzona.lt\/product\/transportavimo-vezimelis-su-sulenkiama-platforma-max-300kg\/"},"modified":"2026-04-12T19:06:39","modified_gmt":"2026-04-12T19:06:39","slug":"transportavimo-vezimelis-su-sulenkiama-platforma-max-300kg","status":"publish","type":"product","link":"https:\/\/irankiuzona.lt\/ru\/product\/transportavimo-vezimelis-su-sulenkiama-platforma-max-300kg\/","title":{"rendered":"Transportavimo ve\u017eim\u0117lis su sulenkiama platforma max.300kg"},"content":{"rendered":"<p>max.300kg apkrovaErgonomi\u0161ka sulankstoma rankenaStabili ir tvirta metalin\u0117 milteliniu b\u016bdu da\u017eyta konstrukcijaGuminiai ratukai \u2013 du besisukantys ir du tvirtiSpyruoklinis mechanizmas sulankstomai rankenaiNeslystantis platformos pavir\u0161ius<\/p>","protected":false},"excerpt":{"rendered":"<p>Transportavimo ve\u017eim\u0117lis su sulenkiama platforma max.300kg<\/p>","protected":false},"featured_media":407534,"comment_status":"open","ping_status":"open","template":"","meta":[],"product_cat":[9670],"product_tag":[9810],"class_list":{"0":"post-407532","1":"product","2":"type-product","3":"status-publish","4":"has-post-thumbnail","6":"product_brand-geko-lenkija","7":"product_cat-transportavimo-vezimai","8":"product_tag-geko-lenkija","10":"first","11":"outofstock","12":"purchasable","13":"product-type-simple"},"jetpack_sharing_enabled":true,"_links":{"self":[{"href":"https:\/\/irankiuzona.lt\/ru\/wp-json\/wp\/v2\/product\/407532","targetHints":{"allow":["GET"]}}],"collection":[{"href":"https:\/\/irankiuzona.lt\/ru\/wp-json\/wp\/v2\/product"}],"about":[{"href":"https:\/\/irankiuzona.lt\/ru\/wp-json\/wp\/v2\/types\/product"}],"replies":[{"embeddable":true,"href":"https:\/\/irankiuzona.lt\/ru\/wp-json\/wp\/v2\/comments?post=407532"}],"version-history":[{"count":1,"href":"https:\/\/irankiuzona.lt\/ru\/wp-json\/wp\/v2\/product\/407532\/revisions"}],"predecessor-version":[{"id":426915,"href":"https:\/\/irankiuzona.lt\/ru\/wp-json\/wp\/v2\/product\/407532\/revisions\/426915"}],"wp:featuredmedia":[{"embeddable":true,"href":"https:\/\/irankiuzona.lt\/ru\/wp-json\/wp\/v2\/media\/407534"}],"wp:attachment":[{"href":"https:\/\/irankiuzona.lt\/ru\/wp-json\/wp\/v2\/media?parent=407532"}],"wp:term":[{"taxonomy":"product_cat","embeddable":true,"href":"https:\/\/irankiuzona.lt\/ru\/wp-json\/wp\/v2\/product_cat?post=407532"},{"taxonomy":"product_tag","embeddable":true,"href":"https:\/\/irankiuzona.lt\/ru\/wp-json\/wp\/v2\/product_tag?post=407532"}],"curies":[{"name":"wp","href":"https:\/\/api.w.org\/{rel}","templated":true}]}}