{"id":407535,"date":"2025-08-18T11:04:10","date_gmt":"2025-08-18T11:04:10","guid":{"rendered":"https:\/\/irankiuzona.lt\/product\/guoliu-sailentbloku-presavimo-komplektas-27vnt\/"},"modified":"2026-04-12T17:01:37","modified_gmt":"2026-04-12T17:01:37","slug":"guoliu-sailentbloku-presavimo-komplektas-27vnt","status":"publish","type":"product","link":"https:\/\/irankiuzona.lt\/ru\/product\/guoliu-sailentbloku-presavimo-komplektas-27vnt\/","title":{"rendered":"Guoli\u0173, sailentblok\u0173 presavimo komplektas 27vnt."},"content":{"rendered":"<p>5 srieginiai var\u017etai su rutuliniais guoliais galuose M10 x 2, M12 x 2, M14 x 2, M16 x 2, M18 x 2 mm<br \/>\n90\u00d780 mm85\u00d775 mm82\u00d772 mm80\u00d770 mm78\u00d768 mm76\u00d766 mm74\u00d764 mm72\u00d762 mm70\u00d760 mm68\u00d758 mm66\u00d756 mm64\u00d754 mm62\u00d752 mm60\u00d750 mm58\u00d748 mm56\u00d746 mm54\u00d744 mm52\u00d742 mm50\u00d740 mm48\u00d738 mm46\u00d736 mm44\u00d734 mm<\/p>","protected":false},"excerpt":{"rendered":"<p>Guoli\u0173, sailentblok\u0173 presavimo komplektas 27vnt.<\/p>","protected":false},"featured_media":407537,"comment_status":"open","ping_status":"open","template":"","meta":[],"product_cat":[9731],"product_tag":[9810],"class_list":{"0":"post-407535","1":"product","2":"type-product","3":"status-publish","4":"has-post-thumbnail","6":"product_brand-geko-lenkija","7":"product_cat-guoliu-sailentbloku-presavimo-irankiai","8":"product_tag-geko-lenkija","10":"first","11":"outofstock","12":"purchasable","13":"product-type-simple"},"jetpack_sharing_enabled":true,"_links":{"self":[{"href":"https:\/\/irankiuzona.lt\/ru\/wp-json\/wp\/v2\/product\/407535","targetHints":{"allow":["GET"]}}],"collection":[{"href":"https:\/\/irankiuzona.lt\/ru\/wp-json\/wp\/v2\/product"}],"about":[{"href":"https:\/\/irankiuzona.lt\/ru\/wp-json\/wp\/v2\/types\/product"}],"replies":[{"embeddable":true,"href":"https:\/\/irankiuzona.lt\/ru\/wp-json\/wp\/v2\/comments?post=407535"}],"version-history":[{"count":1,"href":"https:\/\/irankiuzona.lt\/ru\/wp-json\/wp\/v2\/product\/407535\/revisions"}],"predecessor-version":[{"id":426917,"href":"https:\/\/irankiuzona.lt\/ru\/wp-json\/wp\/v2\/product\/407535\/revisions\/426917"}],"wp:featuredmedia":[{"embeddable":true,"href":"https:\/\/irankiuzona.lt\/ru\/wp-json\/wp\/v2\/media\/407537"}],"wp:attachment":[{"href":"https:\/\/irankiuzona.lt\/ru\/wp-json\/wp\/v2\/media?parent=407535"}],"wp:term":[{"taxonomy":"product_cat","embeddable":true,"href":"https:\/\/irankiuzona.lt\/ru\/wp-json\/wp\/v2\/product_cat?post=407535"},{"taxonomy":"product_tag","embeddable":true,"href":"https:\/\/irankiuzona.lt\/ru\/wp-json\/wp\/v2\/product_tag?post=407535"}],"curies":[{"name":"wp","href":"https:\/\/api.w.org\/{rel}","templated":true}]}}