{"id":407645,"date":"2025-08-19T03:08:20","date_gmt":"2025-08-19T03:08:20","guid":{"rendered":"https:\/\/irankiuzona.lt\/product\/frezos-medziui-15-35mm-5vnt-grezimo-sablonas\/"},"modified":"2026-04-06T18:24:26","modified_gmt":"2026-04-06T18:24:26","slug":"frezos-medziui-15-35mm-5vnt-grezimo-sablonas","status":"publish","type":"product","link":"https:\/\/irankiuzona.lt\/ru\/product\/frezos-medziui-15-35mm-5vnt-grezimo-sablonas\/","title":{"rendered":"Frezos med\u017eiui 15-35mm 5vnt.+ gr\u0119\u017eimo \u0161ablonas"},"content":{"rendered":"<p>15 mm, 20 mm, 25 mm, 30 mm and 35 mmHSS<\/p>","protected":false},"excerpt":{"rendered":"<p>Frezos med\u017eiui 15-35mm 5vnt.+ gr\u0119\u017eimo \u0161ablonas<\/p>","protected":false},"featured_media":407647,"comment_status":"open","ping_status":"open","template":"","meta":[],"product_cat":[9626],"product_tag":[9810],"class_list":{"0":"post-407645","1":"product","2":"type-product","3":"status-publish","4":"has-post-thumbnail","6":"product_brand-geko-lenkija","7":"product_cat-medzio-frezu-komplektai","8":"product_tag-geko-lenkija","10":"first","11":"instock","12":"purchasable","13":"product-type-simple"},"jetpack_sharing_enabled":true,"_links":{"self":[{"href":"https:\/\/irankiuzona.lt\/ru\/wp-json\/wp\/v2\/product\/407645","targetHints":{"allow":["GET"]}}],"collection":[{"href":"https:\/\/irankiuzona.lt\/ru\/wp-json\/wp\/v2\/product"}],"about":[{"href":"https:\/\/irankiuzona.lt\/ru\/wp-json\/wp\/v2\/types\/product"}],"replies":[{"embeddable":true,"href":"https:\/\/irankiuzona.lt\/ru\/wp-json\/wp\/v2\/comments?post=407645"}],"version-history":[{"count":0,"href":"https:\/\/irankiuzona.lt\/ru\/wp-json\/wp\/v2\/product\/407645\/revisions"}],"wp:featuredmedia":[{"embeddable":true,"href":"https:\/\/irankiuzona.lt\/ru\/wp-json\/wp\/v2\/media\/407647"}],"wp:attachment":[{"href":"https:\/\/irankiuzona.lt\/ru\/wp-json\/wp\/v2\/media?parent=407645"}],"wp:term":[{"taxonomy":"product_cat","embeddable":true,"href":"https:\/\/irankiuzona.lt\/ru\/wp-json\/wp\/v2\/product_cat?post=407645"},{"taxonomy":"product_tag","embeddable":true,"href":"https:\/\/irankiuzona.lt\/ru\/wp-json\/wp\/v2\/product_tag?post=407645"}],"curies":[{"name":"wp","href":"https:\/\/api.w.org\/{rel}","templated":true}]}}