{"id":407809,"date":"2025-08-21T17:05:16","date_gmt":"2025-08-21T17:05:16","guid":{"rendered":"https:\/\/irankiuzona.lt\/product\/variklio-blokatorius-1-6-crdi-kia-hyundai\/"},"modified":"2026-04-13T19:05:12","modified_gmt":"2026-04-13T19:05:12","slug":"variklio-blokatorius-1-6-crdi-kia-hyundai","status":"publish","type":"product","link":"https:\/\/irankiuzona.lt\/ru\/product\/variklio-blokatorius-1-6-crdi-kia-hyundai\/","title":{"rendered":"Variklio blokatorius 1.6 CRDI Kia\/Hyundai"},"content":{"rendered":"<p>\u2022 Hyundai: i30 (nuo 2019), i40 (nuo 2018), Kona (nuo 2018), Tucson (nuo 2018).\u2022 Kia: Ceed (nuo 2018), Optima (nuo 2018), ProCeed (nuo 2018), Sportage (nuo 2019), Stonic (nuo 2018), XCeed (nuo 2019).\u2022 OEM-kodai: 09240-2U100, 09240-2U400, 09240-2U300, 09240-2U500.\u2022 Variklis: 1.6L D4FE (U3).<\/p>","protected":false},"excerpt":{"rendered":"<p>Variklio fiksavimo \u012franki\u0173 komplektas 1,6 CRDI (D4FE) dyzeliniems KIA, HYUNDAI automobili\u0173 varikliams, tiksliam degimo nustatymui.<\/p>","protected":false},"featured_media":407811,"comment_status":"open","ping_status":"closed","template":"","meta":[],"product_cat":[9911],"product_tag":[10151],"class_list":{"0":"post-407809","1":"product","2":"type-product","3":"status-publish","4":"has-post-thumbnail","6":"product_brand-lenkija-tiekejas","7":"product_cat-kiti-blokatoriai-degimo-nustatymo-irankiai","8":"product_tag-lenkija-tiekejas","10":"first","11":"instock","12":"purchasable","13":"product-type-simple"},"jetpack_sharing_enabled":true,"_links":{"self":[{"href":"https:\/\/irankiuzona.lt\/ru\/wp-json\/wp\/v2\/product\/407809","targetHints":{"allow":["GET"]}}],"collection":[{"href":"https:\/\/irankiuzona.lt\/ru\/wp-json\/wp\/v2\/product"}],"about":[{"href":"https:\/\/irankiuzona.lt\/ru\/wp-json\/wp\/v2\/types\/product"}],"replies":[{"embeddable":true,"href":"https:\/\/irankiuzona.lt\/ru\/wp-json\/wp\/v2\/comments?post=407809"}],"version-history":[{"count":1,"href":"https:\/\/irankiuzona.lt\/ru\/wp-json\/wp\/v2\/product\/407809\/revisions"}],"predecessor-version":[{"id":426983,"href":"https:\/\/irankiuzona.lt\/ru\/wp-json\/wp\/v2\/product\/407809\/revisions\/426983"}],"wp:featuredmedia":[{"embeddable":true,"href":"https:\/\/irankiuzona.lt\/ru\/wp-json\/wp\/v2\/media\/407811"}],"wp:attachment":[{"href":"https:\/\/irankiuzona.lt\/ru\/wp-json\/wp\/v2\/media?parent=407809"}],"wp:term":[{"taxonomy":"product_cat","embeddable":true,"href":"https:\/\/irankiuzona.lt\/ru\/wp-json\/wp\/v2\/product_cat?post=407809"},{"taxonomy":"product_tag","embeddable":true,"href":"https:\/\/irankiuzona.lt\/ru\/wp-json\/wp\/v2\/product_tag?post=407809"}],"curies":[{"name":"wp","href":"https:\/\/api.w.org\/{rel}","templated":true}]}}